{"id":1181,"date":"2021-10-21T10:41:30","date_gmt":"2021-10-21T08:41:30","guid":{"rendered":"https:\/\/trinter.desarrolloc2.com\/privacy-policy\/"},"modified":"2025-04-09T10:50:02","modified_gmt":"2025-04-09T08:50:02","slug":"privacy-policy","status":"publish","type":"page","link":"https:\/\/trinter.com\/en\/privacy-policy\/","title":{"rendered":"Privacy Policy"},"content":{"rendered":"<p>[et_pb_section fb_built=&#8221;1&#8243; _builder_version=&#8221;4.16&#8243; _module_preset=&#8221;default&#8221; custom_padding=&#8221;||3px|||&#8221; global_colors_info=&#8221;{}&#8221;][et_pb_row _builder_version=&#8221;4.16&#8243; _module_preset=&#8221;default&#8221; custom_padding=&#8221;||0px|||&#8221; global_colors_info=&#8221;{}&#8221;][et_pb_column type=&#8221;4_4&#8243; _builder_version=&#8221;4.16&#8243; _module_preset=&#8221;default&#8221; global_colors_info=&#8221;{}&#8221;][et_pb_text _builder_version=&#8221;4.16&#8243; _module_preset=&#8221;default&#8221; header_font=&#8221;|700|||||||&#8221; header_text_color=&#8221;#003979&#8243; header_font_size=&#8221;3.6vw&#8221; custom_margin=&#8221;0px|0px|0px|0px|false|false&#8221; custom_padding=&#8221;0px|0px|0px|0px|false|false&#8221; sticky_limit_bottom=&#8221;section&#8221; global_colors_info=&#8221;{}&#8221;]<\/p>\n<h1>Privacy Policy<\/h1>\n<p>[\/et_pb_text][\/et_pb_column][\/et_pb_row][\/et_pb_section][et_pb_section fb_built=&#8221;1&#8243; _builder_version=&#8221;4.16&#8243; _module_preset=&#8221;default&#8221; background_color=&#8221;#FFFFFF&#8221; custom_padding=&#8221;2px||70px|||&#8221; global_colors_info=&#8221;{}&#8221; locked=&#8221;off&#8221;][et_pb_row _builder_version=&#8221;4.16&#8243; _module_preset=&#8221;default&#8221; custom_margin=&#8221;||||false|false&#8221; custom_padding=&#8221;||1px||false|false&#8221; global_colors_info=&#8221;{}&#8221;][et_pb_column type=&#8221;4_4&#8243; _builder_version=&#8221;4.16&#8243; _module_preset=&#8221;default&#8221; global_colors_info=&#8221;{}&#8221;][et_pb_text ul_item_indent=&#8221;29px&#8221; _builder_version=&#8221;4.19.2&#8243; _module_preset=&#8221;default&#8221; header_2_font=&#8221;|700|||||||&#8221; header_2_text_color=&#8221;#003979&#8243; header_2_font_size=&#8221;28px&#8221; header_2_line_height=&#8221;1.4em&#8221; text_orientation=&#8221;justified&#8221; module_alignment=&#8221;center&#8221; custom_margin=&#8221;||10px||false|false&#8221; custom_margin_tablet=&#8221;20px||10px||false|false&#8221; custom_margin_phone=&#8221;&#8221; custom_margin_last_edited=&#8221;on|tablet&#8221; locked=&#8221;off&#8221; global_colors_info=&#8221;{}&#8221;]<\/p>\n<p>M.C. TRINTER, SA garantiza la privacidad de los datos de car\u00e1cter personal aportados, seg\u00fan el Reglamento General de Protecci\u00f3n de Datos (RGPD).<\/p>\n<p>La visita a esta p\u00e1gina web no supone que el usuario est\u00e9 obligado a facilitar ninguna informaci\u00f3n sobre s\u00ed mismo, no obstante, durante la visita es posible que se soliciten datos de car\u00e1cter personal a trav\u00e9s de formularios.<\/p>\n<p>Dichos datos ser\u00e1n incorporados a un fichero responsabilidad de M.C. TRINTER, SA y ser\u00e1n utilizados para las siguientes finalidades; <u>contestar\u00a0\u00a0\u00a0\u00a0 las\u00a0\u00a0\u00a0\u00a0 solicitudes<\/u> realizadas por su parte, <u>para\u00a0\u00a0\u00a0\u00a0 enviarles<\/u> <u>informaci\u00f3n\u00a0\u00a0\u00a0 de\u00a0\u00a0\u00a0 nuestra\u00a0\u00a0\u00a0 empresa<\/u> y <u>servicios\u00a0\u00a0\u00a0 solicitados\u00a0\u00a0 u\u00a0\u00a0\u00a0 ofertados<\/u> por cualquier medio de comunicaci\u00f3n. Para dar cumplimiento a las solicitudes, el interesado autoriza a M.C. TRINTER, SA a ceder sus datos a las empresas asociadas o colaboradoras con las cuales existen contratos de prestaci\u00f3n de servicios relacionados con la actividad, como estipula la normativa vigente en los art\u00edculos 10, 11 y 12 del RGPD, con la <u>finalidad\u00a0\u00a0\u00a0 de\u00a0\u00a0\u00a0 prestar\u00a0\u00a0\u00a0 un\u00a0\u00a0\u00a0 adecuado\u00a0\u00a0\u00a0 servicio\u00a0\u00a0\u00a0 en\u00a0\u00a0\u00a0\u00a0\u00a0 base\u00a0\u00a0\u00a0 a\u00a0\u00a0\u00a0 las\u00a0\u00a0\u00a0 peticiones\u00a0\u00a0\u00a0 realizadas\u00a0\u00a0\u00a0 por\u00a0\u00a0\u00a0 usted<\/u>. Al<\/p>\n<p>enviarnos dicho formulario, usted est\u00e1 aceptando expl\u00edcitamente la recepci\u00f3n y tratamiento de los mismos para las finalidades expresadas. Estos datos se cancelar\u00e1n a petici\u00f3n suya o una vez satisfecha la finalidad para la que fueron recabados.<\/p>\n<p><strong>C\u00f3mo ejercitar los derechos:<\/strong> Los usuarios pueden dirigir una comunicaci\u00f3n por escrito a\u00a0 con domicilio en C\/ DE L&#8217;ATL\u00c0NTIC 115 &#8211; ZAL 1, 08040 BARCELONA, BARCELONA,\u00a0 o a la direcci\u00f3n de correo electr\u00f3nico info@trinter.com incluyendo en ambos casos una fotocopia de su DNI u otro documento identificativo similar, para ejercitar sus derechos, que son los siguientes:<\/p>\n<ul>\n<li>Derecho a solicitar el acceso a los datos personales: usted podr\u00e1 preguntar a M.C. TRINTER, SA si esta empresa est\u00e1 tratando sus datos.<\/li>\n<li>Derecho a solicitar su rectificaci\u00f3n (en caso de que sean incorrectos) o supresi\u00f3n.<\/li>\n<li>Derecho a solicitar la limitaci\u00f3n de su tratamiento, en cuyo caso \u00fanicamente ser\u00e1n conservados por\u00a0 para el ejercicio o la defensa de reclamaciones.<\/li>\n<li>Derecho a oponerse al tratamiento: M.C. TRINTER, SA dejar\u00e1 de tratar los datos en la forma que usted indique, salvo que por motivos leg\u00edtimos imperiosos o el ejercicio o la defensa de posibles reclamaciones se tengan que seguir tratando.<\/li>\n<li>Derecho a la portabilidad de los datos: en caso de que quiera que sus datos sean tratados por otra firma, M.C. TRINTER, SA le facilitar\u00e1 la portabilidad de sus datos al nuevo responsable.<\/li>\n<\/ul>\n<p><strong>Posibilidad de retirar el consentimiento:<\/strong> en el caso de que se haya otorgado el consentimiento para alguna finalidad espec\u00edfica, usted tiene derecho a retirar el consentimiento en cualquier momento, sin que ello afecte a la licitud del tratamiento basado en el consentimiento previo a su retirada.<\/p>\n<p><strong>C\u00f3mo reclamar ante la Autoridad de Control:<\/strong> Si un usuario considera que hay un problema con la forma en que M.C. TRINTER, SA est\u00e1 manejando sus datos, puede dirigir sus reclamaciones a la autoridad de protecci\u00f3n de datos que corresponda, siendo la Agencia Espa\u00f1ola de Protecci\u00f3n de Datos la indicada en el caso de Espa\u00f1a.<\/p>\n<p>La negativa a proporcionar los datos supondr\u00e1 la no prestaci\u00f3n o la imposibilidad de acceder al servicio para los que eran solicitados. Usted tiene derecho a recibir respuesta a cualquier pregunta, consulta o aclaraci\u00f3n que le surja derivada de este formulario.\u00a0<\/p>\n<p>Las partes se someten, a su elecci\u00f3n, para la resoluci\u00f3n de los conflictos y con renuncia a cualquier otro fuero, a los juzgados y tribunales del domicilio del propietario del sitio Web.<\/p>\n<p>[\/et_pb_text][\/et_pb_column][\/et_pb_row][\/et_pb_section][et_pb_section fb_built=&#8221;1&#8243; _builder_version=&#8221;4.13.0&#8243; _module_preset=&#8221;default&#8221; background_enable_color=&#8221;off&#8221; background_image=&#8221;https:\/\/trinter.com\/wp-content\/uploads\/2021\/11\/trinter-bg-cta.jpg&#8221; background_blend=&#8221;multiply&#8221; custom_margin=&#8221;0px||0px||false|false&#8221; custom_padding=&#8221;0px||0px||false|false&#8221; global_module=&#8221;859&#8243; global_colors_info=&#8221;{}&#8221;][et_pb_row custom_padding_last_edited=&#8221;on|phone&#8221; _builder_version=&#8221;4.16&#8243; _module_preset=&#8221;default&#8221; background_enable_color=&#8221;off&#8221; background_enable_image=&#8221;off&#8221; background_blend=&#8221;multiply&#8221; custom_margin=&#8221;||||false|false&#8221; custom_padding=&#8221;20vh||20vh||false|false&#8221; custom_padding_tablet=&#8221;&#8221; custom_padding_phone=&#8221;10vh||10vh||false|false&#8221; animation_style=&#8221;fade&#8221; global_colors_info=&#8221;{}&#8221;][et_pb_column type=&#8221;4_4&#8243; _builder_version=&#8221;4.16&#8243; _module_preset=&#8221;default&#8221; global_colors_info=&#8221;{}&#8221;][et_pb_text _builder_version=&#8221;4.16&#8243; _module_preset=&#8221;default&#8221; text_text_color=&#8221;#FFFFFF&#8221; text_font_size=&#8221;40px&#8221; text_line_height=&#8221;1.3em&#8221; custom_margin=&#8221;||0px||false|false&#8221; text_font_size_tablet=&#8221;&#8221; text_font_size_phone=&#8221;29px&#8221; text_font_size_last_edited=&#8221;on|phone&#8221; global_colors_info=&#8221;{}&#8221;]<\/p>\n<p>FLEXIBILITY &#8211; PROFESSIONALISM &#8211; SOLIDITY<\/p>\n<p>[\/et_pb_text][et_pb_text _builder_version=&#8221;4.16&#8243; _module_preset=&#8221;default&#8221; text_text_color=&#8221;#FFFFFF&#8221; text_font_size=&#8221;28px&#8221; text_line_height=&#8221;1.3em&#8221; custom_margin=&#8221;||40px||false|false&#8221; text_font_size_tablet=&#8221;&#8221; text_font_size_phone=&#8221;29px&#8221; text_font_size_last_edited=&#8221;on|phone&#8221; global_colors_info=&#8221;{}&#8221;]<\/p>\n<p><span class=\"dorado\">Do you want to contact M.C. TRINTER S.A.?  <\/span><br \/>Contact us for any questions or enquiries<\/p>\n<p>[\/et_pb_text][et_pb_divider color=&#8221;#C4A814&#8243; divider_weight=&#8221;6px&#8221; _builder_version=&#8221;4.16&#8243; _module_preset=&#8221;default&#8221; width=&#8221;200px&#8221; custom_margin=&#8221;||||false|false&#8221; global_colors_info=&#8221;{}&#8221;][\/et_pb_divider][et_pb_button button_url=&#8221;https:\/\/trinter.com\/en\/contact\/&#8221; button_text=&#8221;CONTACT US NOW&#8221; _builder_version=&#8221;4.16&#8243; _module_preset=&#8221;default&#8221; custom_button=&#8221;on&#8221; button_text_color=&#8221;#003979&#8243; button_bg_color=&#8221;#FFFFFF&#8221; button_border_color=&#8221;#FFFFFF&#8221; button_use_icon=&#8221;off&#8221; custom_margin=&#8221;3px||||false|false&#8221; custom_padding=&#8221;||||false|false&#8221; global_colors_info=&#8221;{}&#8221; button_bg_color__hover_enabled=&#8221;on|hover&#8221; button_bg_color__hover=&#8221;#eeeeee&#8221; button_bg_enable_color__hover=&#8221;on&#8221; button_border_color__hover_enabled=&#8221;on|hover&#8221; button_border_color__hover=&#8221;#eeeeee&#8221;][\/et_pb_button][\/et_pb_column][\/et_pb_row][\/et_pb_section]<\/p>\n","protected":false},"excerpt":{"rendered":"<p>Privacy PolicyM.C. TRINTER, SA garantiza la privacidad de los datos de car\u00e1cter personal aportados, seg\u00fan el Reglamento General de Protecci\u00f3n de Datos (RGPD). La visita a esta p\u00e1gina web no supone que el usuario est\u00e9 obligado a facilitar ninguna informaci\u00f3n sobre s\u00ed mismo, no obstante, durante la visita es posible que se soliciten datos de [&hellip;]<\/p>\n","protected":false},"author":4,"featured_media":1115,"parent":0,"menu_order":0,"comment_status":"closed","ping_status":"closed","template":"","meta":{"_et_pb_use_builder":"on","_et_pb_old_content":"","_et_gb_content_width":"","footnotes":""},"class_list":["post-1181","page","type-page","status-publish","has-post-thumbnail","hentry"],"yoast_head":"<!-- This site is optimized with the Yoast SEO plugin v25.4 - https:\/\/yoast.com\/wordpress\/plugins\/seo\/ -->\n<title>Privacy Policy - M. C. Trinter<\/title>\n<meta name=\"robots\" content=\"index, follow, max-snippet:-1, max-image-preview:large, max-video-preview:-1\" \/>\n<link rel=\"canonical\" href=\"https:\/\/trinter.com\/en\/privacy-policy\/\" \/>\n<meta property=\"og:locale\" content=\"en_US\" \/>\n<meta property=\"og:type\" content=\"article\" \/>\n<meta property=\"og:title\" content=\"Privacy Policy - M. C. Trinter\" \/>\n<meta property=\"og:description\" content=\"Privacy PolicyM.C. TRINTER, SA garantiza la privacidad de los datos de car\u00e1cter personal aportados, seg\u00fan el Reglamento General de Protecci\u00f3n de Datos (RGPD). La visita a esta p\u00e1gina web no supone que el usuario est\u00e9 obligado a facilitar ninguna informaci\u00f3n sobre s\u00ed mismo, no obstante, durante la visita es posible que se soliciten datos de [&hellip;]\" \/>\n<meta property=\"og:url\" content=\"https:\/\/trinter.com\/en\/privacy-policy\/\" \/>\n<meta property=\"og:site_name\" content=\"M. C. Trinter\" \/>\n<meta property=\"article:modified_time\" content=\"2025-04-09T08:50:02+00:00\" \/>\n<meta property=\"og:image\" content=\"https:\/\/trinter.com\/wp-content\/uploads\/2021\/11\/trinter-bg-cta.jpg\" \/>\n\t<meta property=\"og:image:width\" content=\"1920\" \/>\n\t<meta property=\"og:image:height\" content=\"1068\" \/>\n\t<meta property=\"og:image:type\" content=\"image\/jpeg\" \/>\n<meta name=\"twitter:card\" content=\"summary_large_image\" \/>\n<meta name=\"twitter:label1\" content=\"Est. reading time\" \/>\n\t<meta name=\"twitter:data1\" content=\"6 minutes\" \/>\n<script type=\"application\/ld+json\" class=\"yoast-schema-graph\">{\"@context\":\"https:\/\/schema.org\",\"@graph\":[{\"@type\":\"WebPage\",\"@id\":\"https:\/\/trinter.com\/en\/privacy-policy\/\",\"url\":\"https:\/\/trinter.com\/en\/privacy-policy\/\",\"name\":\"Privacy Policy - M. C. Trinter\",\"isPartOf\":{\"@id\":\"https:\/\/trinter.com\/en\/#website\"},\"primaryImageOfPage\":{\"@id\":\"https:\/\/trinter.com\/en\/privacy-policy\/#primaryimage\"},\"image\":{\"@id\":\"https:\/\/trinter.com\/en\/privacy-policy\/#primaryimage\"},\"thumbnailUrl\":\"https:\/\/trinter.com\/wp-content\/uploads\/2021\/11\/trinter-bg-cta.jpg\",\"datePublished\":\"2021-10-21T08:41:30+00:00\",\"dateModified\":\"2025-04-09T08:50:02+00:00\",\"breadcrumb\":{\"@id\":\"https:\/\/trinter.com\/en\/privacy-policy\/#breadcrumb\"},\"inLanguage\":\"en-US\",\"potentialAction\":[{\"@type\":\"ReadAction\",\"target\":[\"https:\/\/trinter.com\/en\/privacy-policy\/\"]}]},{\"@type\":\"ImageObject\",\"inLanguage\":\"en-US\",\"@id\":\"https:\/\/trinter.com\/en\/privacy-policy\/#primaryimage\",\"url\":\"https:\/\/trinter.com\/wp-content\/uploads\/2021\/11\/trinter-bg-cta.jpg\",\"contentUrl\":\"https:\/\/trinter.com\/wp-content\/uploads\/2021\/11\/trinter-bg-cta.jpg\",\"width\":1920,\"height\":1068},{\"@type\":\"BreadcrumbList\",\"@id\":\"https:\/\/trinter.com\/en\/privacy-policy\/#breadcrumb\",\"itemListElement\":[{\"@type\":\"ListItem\",\"position\":1,\"name\":\"Portada\",\"item\":\"https:\/\/trinter.com\/en\/home\/\"},{\"@type\":\"ListItem\",\"position\":2,\"name\":\"Privacy Policy\"}]},{\"@type\":\"WebSite\",\"@id\":\"https:\/\/trinter.com\/en\/#website\",\"url\":\"https:\/\/trinter.com\/en\/\",\"name\":\"M. C. Trinter\",\"description\":\"L\u00cdDERES EN LOG\u00cdSTICA INTEGRAL Y TRANSPORTES INTERNACIONALES\",\"potentialAction\":[{\"@type\":\"SearchAction\",\"target\":{\"@type\":\"EntryPoint\",\"urlTemplate\":\"https:\/\/trinter.com\/en\/?s={search_term_string}\"},\"query-input\":{\"@type\":\"PropertyValueSpecification\",\"valueRequired\":true,\"valueName\":\"search_term_string\"}}],\"inLanguage\":\"en-US\"}]}<\/script>\n<!-- \/ Yoast SEO plugin. -->","yoast_head_json":{"title":"Privacy Policy - M. C. Trinter","robots":{"index":"index","follow":"follow","max-snippet":"max-snippet:-1","max-image-preview":"max-image-preview:large","max-video-preview":"max-video-preview:-1"},"canonical":"https:\/\/trinter.com\/en\/privacy-policy\/","og_locale":"en_US","og_type":"article","og_title":"Privacy Policy - M. C. Trinter","og_description":"Privacy PolicyM.C. TRINTER, SA garantiza la privacidad de los datos de car\u00e1cter personal aportados, seg\u00fan el Reglamento General de Protecci\u00f3n de Datos (RGPD). La visita a esta p\u00e1gina web no supone que el usuario est\u00e9 obligado a facilitar ninguna informaci\u00f3n sobre s\u00ed mismo, no obstante, durante la visita es posible que se soliciten datos de [&hellip;]","og_url":"https:\/\/trinter.com\/en\/privacy-policy\/","og_site_name":"M. C. Trinter","article_modified_time":"2025-04-09T08:50:02+00:00","og_image":[{"width":1920,"height":1068,"url":"https:\/\/trinter.com\/wp-content\/uploads\/2021\/11\/trinter-bg-cta.jpg","type":"image\/jpeg"}],"twitter_card":"summary_large_image","twitter_misc":{"Est. reading time":"6 minutes"},"schema":{"@context":"https:\/\/schema.org","@graph":[{"@type":"WebPage","@id":"https:\/\/trinter.com\/en\/privacy-policy\/","url":"https:\/\/trinter.com\/en\/privacy-policy\/","name":"Privacy Policy - M. C. Trinter","isPartOf":{"@id":"https:\/\/trinter.com\/en\/#website"},"primaryImageOfPage":{"@id":"https:\/\/trinter.com\/en\/privacy-policy\/#primaryimage"},"image":{"@id":"https:\/\/trinter.com\/en\/privacy-policy\/#primaryimage"},"thumbnailUrl":"https:\/\/trinter.com\/wp-content\/uploads\/2021\/11\/trinter-bg-cta.jpg","datePublished":"2021-10-21T08:41:30+00:00","dateModified":"2025-04-09T08:50:02+00:00","breadcrumb":{"@id":"https:\/\/trinter.com\/en\/privacy-policy\/#breadcrumb"},"inLanguage":"en-US","potentialAction":[{"@type":"ReadAction","target":["https:\/\/trinter.com\/en\/privacy-policy\/"]}]},{"@type":"ImageObject","inLanguage":"en-US","@id":"https:\/\/trinter.com\/en\/privacy-policy\/#primaryimage","url":"https:\/\/trinter.com\/wp-content\/uploads\/2021\/11\/trinter-bg-cta.jpg","contentUrl":"https:\/\/trinter.com\/wp-content\/uploads\/2021\/11\/trinter-bg-cta.jpg","width":1920,"height":1068},{"@type":"BreadcrumbList","@id":"https:\/\/trinter.com\/en\/privacy-policy\/#breadcrumb","itemListElement":[{"@type":"ListItem","position":1,"name":"Portada","item":"https:\/\/trinter.com\/en\/home\/"},{"@type":"ListItem","position":2,"name":"Privacy Policy"}]},{"@type":"WebSite","@id":"https:\/\/trinter.com\/en\/#website","url":"https:\/\/trinter.com\/en\/","name":"M. C. Trinter","description":"L\u00cdDERES EN LOG\u00cdSTICA INTEGRAL Y TRANSPORTES INTERNACIONALES","potentialAction":[{"@type":"SearchAction","target":{"@type":"EntryPoint","urlTemplate":"https:\/\/trinter.com\/en\/?s={search_term_string}"},"query-input":{"@type":"PropertyValueSpecification","valueRequired":true,"valueName":"search_term_string"}}],"inLanguage":"en-US"}]}},"_links":{"self":[{"href":"https:\/\/trinter.com\/en\/wp-json\/wp\/v2\/pages\/1181","targetHints":{"allow":["GET"]}}],"collection":[{"href":"https:\/\/trinter.com\/en\/wp-json\/wp\/v2\/pages"}],"about":[{"href":"https:\/\/trinter.com\/en\/wp-json\/wp\/v2\/types\/page"}],"author":[{"embeddable":true,"href":"https:\/\/trinter.com\/en\/wp-json\/wp\/v2\/users\/4"}],"replies":[{"embeddable":true,"href":"https:\/\/trinter.com\/en\/wp-json\/wp\/v2\/comments?post=1181"}],"version-history":[{"count":1,"href":"https:\/\/trinter.com\/en\/wp-json\/wp\/v2\/pages\/1181\/revisions"}],"predecessor-version":[{"id":1993,"href":"https:\/\/trinter.com\/en\/wp-json\/wp\/v2\/pages\/1181\/revisions\/1993"}],"wp:featuredmedia":[{"embeddable":true,"href":"https:\/\/trinter.com\/en\/wp-json\/wp\/v2\/media\/1115"}],"wp:attachment":[{"href":"https:\/\/trinter.com\/en\/wp-json\/wp\/v2\/media?parent=1181"}],"curies":[{"name":"wp","href":"https:\/\/api.w.org\/{rel}","templated":true}]}}