{"id":1762,"date":"2021-10-21T10:42:49","date_gmt":"2021-10-21T08:42:49","guid":{"rendered":"https:\/\/trinter.desarrolloc2.com\/duanes\/"},"modified":"2021-12-02T16:29:41","modified_gmt":"2021-12-02T15:29:41","slug":"duanes","status":"publish","type":"page","link":"https:\/\/trinter.com\/ca\/duanes\/","title":{"rendered":"Duanes"},"content":{"rendered":"<p>[et_pb_section fb_built=&#8221;1&#8243; _builder_version=&#8221;4.11.4&#8243; _module_preset=&#8221;default&#8221; custom_padding=&#8221;||50px||false|false&#8221; global_colors_info=&#8221;{}&#8221;][et_pb_row _builder_version=&#8221;4.11.4&#8243; _module_preset=&#8221;default&#8221; custom_padding=&#8221;||0px|||&#8221; global_colors_info=&#8221;{}&#8221;][et_pb_column type=&#8221;4_4&#8243; _builder_version=&#8221;4.11.4&#8243; _module_preset=&#8221;default&#8221; global_colors_info=&#8221;{}&#8221;][et_pb_text _builder_version=&#8221;4.11.4&#8243; _module_preset=&#8221;default&#8221; header_font=&#8221;|700|||||||&#8221; header_text_color=&#8221;#003979&#8243; header_font_size=&#8221;3.6vw&#8221; custom_margin=&#8221;0px|0px|0px|0px|false|false&#8221; custom_padding=&#8221;0px|0px|0px|0px|false|false&#8221; sticky_limit_bottom=&#8221;section&#8221; header_font_size_tablet=&#8221;6vw&#8221; header_font_size_phone=&#8221;12vw&#8221; header_font_size_last_edited=&#8221;on|tablet&#8221; global_colors_info=&#8221;{}&#8221;]<\/p>\n<h1>Duanes<\/h1>\n<p>[\/et_pb_text][et_pb_text ul_item_indent=&#8221;29px&#8221; _builder_version=&#8221;4.13.0&#8243; _module_preset=&#8221;default&#8221; header_2_font=&#8221;|700|||||||&#8221; header_2_text_color=&#8221;#003979&#8243; header_2_font_size=&#8221;28px&#8221; header_2_line_height=&#8221;1.4em&#8221; module_alignment=&#8221;center&#8221; custom_margin=&#8221;4px||10px||false|false&#8221; custom_margin_tablet=&#8221;20px||10px||false|false&#8221; custom_margin_phone=&#8221;&#8221; custom_margin_last_edited=&#8221;on|tablet&#8221; locked=&#8221;off&#8221; global_colors_info=&#8221;{}&#8221;]<\/p>\n<h2>La tranquil\u00b7litat d&#8217;estar en les millors mans <\/h2>\n<p>[\/et_pb_text][et_pb_divider color=&#8221;#C4A814&#8243; divider_weight=&#8221;6px&#8221; _builder_version=&#8221;4.10.8&#8243; _module_preset=&#8221;default&#8221; width=&#8221;200px&#8221; custom_margin=&#8221;||||false|false&#8221; locked=&#8221;off&#8221; global_colors_info=&#8221;{}&#8221;][\/et_pb_divider][\/et_pb_column][\/et_pb_row][et_pb_row column_structure=&#8221;3_5,2_5&#8243; _builder_version=&#8221;4.11.4&#8243; _module_preset=&#8221;default&#8221; custom_margin=&#8221;||||false|false&#8221; custom_padding=&#8221;||1px||false|false&#8221; global_colors_info=&#8221;{}&#8221;][et_pb_column type=&#8221;3_5&#8243; _builder_version=&#8221;4.11.4&#8243; _module_preset=&#8221;default&#8221; global_colors_info=&#8221;{}&#8221;][et_pb_text ul_item_indent=&#8221;29px&#8221; _builder_version=&#8221;4.13.0&#8243; _module_preset=&#8221;default&#8221; header_2_font=&#8221;|700|||||||&#8221; header_2_text_color=&#8221;#003979&#8243; header_2_font_size=&#8221;28px&#8221; header_2_line_height=&#8221;1.4em&#8221; module_alignment=&#8221;center&#8221; custom_margin=&#8221;||||false|false&#8221; custom_margin_tablet=&#8221;20px||10px||false|false&#8221; custom_margin_phone=&#8221;20px||10px||false|false&#8221; custom_margin_last_edited=&#8221;on|tablet&#8221; hover_enabled=&#8221;0&#8243; locked=&#8221;off&#8221; global_colors_info=&#8221;{}&#8221; sticky_enabled=&#8221;0&#8243;]<\/p>\n<ul>\n<li>Assessorament en comer\u00e7 exterior.<\/li>\n<li>Assessoria en procediments duaners d&#8217;Importaci\u00f3 i Exportaci\u00f3.<\/li>\n<li>Intrastat.<\/li>\n<li>Codificaci\u00f3 aranzel\u00e0ria.<\/li>\n<li>Autoritzacions administratives.<\/li>\n<li>Dip\u00f2sits Duaners propis.<\/li>\n<ul>\n<li><strong>ADT, DAP, DDA<\/strong>, receptor autoritzat de tr\u00e0nsits.<\/li>\n<li>Dip\u00f2sit fiscal.<\/li>\n<\/ul>\n<\/ul>\n<p><strong>M.C. TRINTER S.A.<\/strong> est\u00e0 certificada com a Operador Econ\u00f2mic Autoritzat en simplificaci\u00f3 duanera \/ protecci\u00f3 i seguretat (OEA).<\/p>\n<p>Aix\u00f2 suposa per als nostres clients els seg\u00fcents avantatges:<\/p>\n<ul>\n<li>Menor nombre de controls f\u00edsics i documentals.<\/li>\n<li>Prioritat en els controls.<\/li>\n<li>Despatx de duanes centralitzat<\/li>\n<li>Procediments duaners simplificats per als nostres clients.<\/li>\n<li>Notificaci\u00f3 pr\u00e8via de controls f\u00edsics.<\/li>\n<li>Reconeixement com a soci segur amb la duana.<\/li>\n<\/ul>\n<p><span style=\"font-weight: 400;\">El servei en Duana<\/span> <b>M.C. TRINTER S.A.<\/b><span style=\"font-weight: 400;\">, amb professionals acreditats de dilatada traject\u00f2ria i magatzems autoritzats ens posiciona com partner de confian\u00e7a dels nostres clients i col\u00b7laboradors. Aix\u00f2 ens converteix en una empresa \u00e0gil en el moment d&#8217;adaptar-se a qualsevol canvi en la normativa o geopol\u00edtic que afecti directament el proc\u00e9s duaner.<\/span><\/p>\n<p>[\/et_pb_text][\/et_pb_column][et_pb_column type=&#8221;2_5&#8243; _builder_version=&#8221;4.11.4&#8243; _module_preset=&#8221;default&#8221; custom_padding=&#8221;||||false|false&#8221; global_colors_info=&#8221;{}&#8221;][et_pb_image src=&#8221;https:\/\/trinter.com\/wp-content\/uploads\/2021\/10\/servicio-aduana.jpg&#8221; title_text=&#8221;servei-duana&#8221; _builder_version=&#8221;4.11.4&#8243; _module_preset=&#8221;default&#8221; custom_margin=&#8221;||||false|false&#8221; animation_style=&#8221;slide&#8221; animation_direction=&#8221;right&#8221; animation_delay=&#8221;500ms&#8221; animation_intensity_slide=&#8221;10%&#8221; global_colors_info=&#8221;{}&#8221;][\/et_pb_image][\/et_pb_column][\/et_pb_row][\/et_pb_section][et_pb_section fb_built=&#8221;1&#8243; _builder_version=&#8221;4.13.0&#8243; _module_preset=&#8221;default&#8221; background_enable_color=&#8221;off&#8221; background_image=&#8221;https:\/\/trinter.com\/wp-content\/uploads\/2021\/11\/trinter-bg-cta.jpg&#8221; background_blend=&#8221;multiply&#8221; custom_margin=&#8221;0px||0px||false|false&#8221; custom_padding=&#8221;0px||0px||false|false&#8221; global_module=&#8221;859&#8243; global_colors_info=&#8221;{}&#8221;][et_pb_row custom_padding_last_edited=&#8221;on|phone&#8221; _builder_version=&#8221;4.11.3&#8243; _module_preset=&#8221;default&#8221; background_enable_color=&#8221;off&#8221; background_enable_image=&#8221;off&#8221; background_blend=&#8221;multiply&#8221; custom_margin=&#8221;||||false|false&#8221; custom_padding=&#8221;20vh||20vh||false|false&#8221; custom_padding_tablet=&#8221;&#8221; custom_padding_phone=&#8221;10vh||10vh||false|false&#8221; animation_style=&#8221;fade&#8221; global_colors_info=&#8221;{}&#8221;][et_pb_column type=&#8221;4_4&#8243; _builder_version=&#8221;4.11.3&#8243; _module_preset=&#8221;default&#8221; global_colors_info=&#8221;{}&#8221;][et_pb_text _builder_version=&#8221;4.13.0&#8243; _module_preset=&#8221;default&#8221; text_text_color=&#8221;#FFFFFF&#8221; text_font_size=&#8221;40px&#8221; text_line_height=&#8221;1.3em&#8221; custom_margin=&#8221;||0px||false|false&#8221; text_font_size_tablet=&#8221;&#8221; text_font_size_phone=&#8221;29px&#8221; text_font_size_last_edited=&#8221;on|phone&#8221; global_colors_info=&#8221;{}&#8221;]<\/p>\n<p>FLEXIBILITAT \u2013 PROFESSIONALITAT \u2013 SOLIDESA<\/p>\n<p>[\/et_pb_text][et_pb_text _builder_version=&#8221;4.13.0&#8243; _module_preset=&#8221;default&#8221; text_text_color=&#8221;#FFFFFF&#8221; text_font_size=&#8221;28px&#8221; text_line_height=&#8221;1.3em&#8221; custom_margin=&#8221;||40px||false|false&#8221; text_font_size_tablet=&#8221;&#8221; text_font_size_phone=&#8221;29px&#8221; text_font_size_last_edited=&#8221;on|phone&#8221; global_colors_info=&#8221;{}&#8221;]<\/p>\n<p><span class=\"dorado\">Vols contactar amb M.C. TRINTER S.A.? <\/span><br \/>Escriu-nos per a qualsevol dubte o consulta<\/p>\n<p>[\/et_pb_text][et_pb_divider color=&#8221;#C4A814&#8243; divider_weight=&#8221;6px&#8221; _builder_version=&#8221;4.10.8&#8243; _module_preset=&#8221;default&#8221; width=&#8221;200px&#8221; custom_margin=&#8221;||||false|false&#8221; global_colors_info=&#8221;{}&#8221;][\/et_pb_divider][et_pb_button button_url=&#8221;https:\/\/trinter.com\/ca\/contactar\/&#8221; button_text=&#8221;CONTACTA&#8217;NS&#8221; _builder_version=&#8221;4.11.3&#8243; _module_preset=&#8221;default&#8221; custom_button=&#8221;on&#8221; button_text_color=&#8221;#003979&#8243; button_bg_color=&#8221;#FFFFFF&#8221; button_border_color=&#8221;#FFFFFF&#8221; button_use_icon=&#8221;off&#8221; custom_margin=&#8221;3px||||false|false&#8221; custom_padding=&#8221;||||false|false&#8221; global_colors_info=&#8221;{}&#8221; button_bg_color__hover_enabled=&#8221;on|hover&#8221; button_bg_color__hover=&#8221;#eeeeee&#8221; button_bg_enable_color__hover=&#8221;on&#8221; button_border_color__hover_enabled=&#8221;on|hover&#8221; button_border_color__hover=&#8221;#eeeeee&#8221;][\/et_pb_button][\/et_pb_column][\/et_pb_row][\/et_pb_section]<\/p>\n","protected":false},"excerpt":{"rendered":"<p>DuanesLa tranquil\u00b7litat d&#8217;estar en les millors mans Assessorament en comer\u00e7 exterior. Assessoria en procediments duaners d&#8217;Importaci\u00f3 i Exportaci\u00f3. Intrastat. Codificaci\u00f3 aranzel\u00e0ria. Autoritzacions administratives. Dip\u00f2sits Duaners propis. ADT, DAP, DDA, receptor autoritzat de tr\u00e0nsits. Dip\u00f2sit fiscal. M.C. TRINTER S.A. est\u00e0 certificada com a Operador Econ\u00f2mic Autoritzat en simplificaci\u00f3 duanera \/ protecci\u00f3 i seguretat (OEA). Aix\u00f2 suposa [&hellip;]<\/p>\n","protected":false},"author":4,"featured_media":1366,"parent":0,"menu_order":0,"comment_status":"closed","ping_status":"closed","template":"","meta":{"_et_pb_use_builder":"on","_et_pb_old_content":"","_et_gb_content_width":"","footnotes":""},"class_list":["post-1762","page","type-page","status-publish","has-post-thumbnail","hentry"],"yoast_head":"<!-- This site is optimized with the Yoast SEO plugin v25.4 - https:\/\/yoast.com\/wordpress\/plugins\/seo\/ -->\n<title>Duanes - M. C. Trinter<\/title>\n<meta name=\"robots\" content=\"index, follow, max-snippet:-1, max-image-preview:large, max-video-preview:-1\" \/>\n<link rel=\"canonical\" href=\"https:\/\/trinter.com\/ca\/duanes\/\" \/>\n<meta property=\"og:locale\" content=\"ca_ES\" \/>\n<meta property=\"og:type\" content=\"article\" \/>\n<meta property=\"og:title\" content=\"Duanes - M. C. Trinter\" \/>\n<meta property=\"og:description\" content=\"DuanesLa tranquil\u00b7litat d&#039;estar en les millors mans Assessorament en comer\u00e7 exterior. Assessoria en procediments duaners d&#039;Importaci\u00f3 i Exportaci\u00f3. Intrastat. Codificaci\u00f3 aranzel\u00e0ria. Autoritzacions administratives. Dip\u00f2sits Duaners propis. ADT, DAP, DDA, receptor autoritzat de tr\u00e0nsits. Dip\u00f2sit fiscal. M.C. TRINTER S.A. est\u00e0 certificada com a Operador Econ\u00f2mic Autoritzat en simplificaci\u00f3 duanera \/ protecci\u00f3 i seguretat (OEA). Aix\u00f2 suposa [&hellip;]\" \/>\n<meta property=\"og:url\" content=\"https:\/\/trinter.com\/ca\/duanes\/\" \/>\n<meta property=\"og:site_name\" content=\"M. C. Trinter\" \/>\n<meta property=\"article:modified_time\" content=\"2021-12-02T15:29:41+00:00\" \/>\n<meta property=\"og:image\" content=\"https:\/\/trinter.com\/wp-content\/uploads\/2021\/10\/servicio-aduana-2.jpg\" \/>\n\t<meta property=\"og:image:width\" content=\"780\" \/>\n\t<meta property=\"og:image:height\" content=\"440\" \/>\n\t<meta property=\"og:image:type\" content=\"image\/jpeg\" \/>\n<meta name=\"twitter:card\" content=\"summary_large_image\" \/>\n<meta name=\"twitter:label1\" content=\"Temps estimat de lectura\" \/>\n\t<meta name=\"twitter:data1\" content=\"4 minuts\" \/>\n<script type=\"application\/ld+json\" class=\"yoast-schema-graph\">{\"@context\":\"https:\/\/schema.org\",\"@graph\":[{\"@type\":\"WebPage\",\"@id\":\"https:\/\/trinter.com\/ca\/duanes\/\",\"url\":\"https:\/\/trinter.com\/ca\/duanes\/\",\"name\":\"Duanes - M. C. Trinter\",\"isPartOf\":{\"@id\":\"https:\/\/trinter.com\/ca\/#website\"},\"primaryImageOfPage\":{\"@id\":\"https:\/\/trinter.com\/ca\/duanes\/#primaryimage\"},\"image\":{\"@id\":\"https:\/\/trinter.com\/ca\/duanes\/#primaryimage\"},\"thumbnailUrl\":\"https:\/\/trinter.com\/wp-content\/uploads\/2021\/10\/servicio-aduana-2.jpg\",\"datePublished\":\"2021-10-21T08:42:49+00:00\",\"dateModified\":\"2021-12-02T15:29:41+00:00\",\"breadcrumb\":{\"@id\":\"https:\/\/trinter.com\/ca\/duanes\/#breadcrumb\"},\"inLanguage\":\"ca\",\"potentialAction\":[{\"@type\":\"ReadAction\",\"target\":[\"https:\/\/trinter.com\/ca\/duanes\/\"]}]},{\"@type\":\"ImageObject\",\"inLanguage\":\"ca\",\"@id\":\"https:\/\/trinter.com\/ca\/duanes\/#primaryimage\",\"url\":\"https:\/\/trinter.com\/wp-content\/uploads\/2021\/10\/servicio-aduana-2.jpg\",\"contentUrl\":\"https:\/\/trinter.com\/wp-content\/uploads\/2021\/10\/servicio-aduana-2.jpg\",\"width\":780,\"height\":440},{\"@type\":\"BreadcrumbList\",\"@id\":\"https:\/\/trinter.com\/ca\/duanes\/#breadcrumb\",\"itemListElement\":[{\"@type\":\"ListItem\",\"position\":1,\"name\":\"Portada\",\"item\":\"https:\/\/trinter.com\/ca\/inici\/\"},{\"@type\":\"ListItem\",\"position\":2,\"name\":\"Duanes\"}]},{\"@type\":\"WebSite\",\"@id\":\"https:\/\/trinter.com\/ca\/#website\",\"url\":\"https:\/\/trinter.com\/ca\/\",\"name\":\"M. C. Trinter\",\"description\":\"L\u00cdDERES EN LOG\u00cdSTICA INTEGRAL Y TRANSPORTES INTERNACIONALES\",\"potentialAction\":[{\"@type\":\"SearchAction\",\"target\":{\"@type\":\"EntryPoint\",\"urlTemplate\":\"https:\/\/trinter.com\/ca\/?s={search_term_string}\"},\"query-input\":{\"@type\":\"PropertyValueSpecification\",\"valueRequired\":true,\"valueName\":\"search_term_string\"}}],\"inLanguage\":\"ca\"}]}<\/script>\n<!-- \/ Yoast SEO plugin. -->","yoast_head_json":{"title":"Duanes - M. C. Trinter","robots":{"index":"index","follow":"follow","max-snippet":"max-snippet:-1","max-image-preview":"max-image-preview:large","max-video-preview":"max-video-preview:-1"},"canonical":"https:\/\/trinter.com\/ca\/duanes\/","og_locale":"ca_ES","og_type":"article","og_title":"Duanes - M. C. Trinter","og_description":"DuanesLa tranquil\u00b7litat d'estar en les millors mans Assessorament en comer\u00e7 exterior. Assessoria en procediments duaners d'Importaci\u00f3 i Exportaci\u00f3. Intrastat. Codificaci\u00f3 aranzel\u00e0ria. Autoritzacions administratives. Dip\u00f2sits Duaners propis. ADT, DAP, DDA, receptor autoritzat de tr\u00e0nsits. Dip\u00f2sit fiscal. M.C. TRINTER S.A. est\u00e0 certificada com a Operador Econ\u00f2mic Autoritzat en simplificaci\u00f3 duanera \/ protecci\u00f3 i seguretat (OEA). Aix\u00f2 suposa [&hellip;]","og_url":"https:\/\/trinter.com\/ca\/duanes\/","og_site_name":"M. C. Trinter","article_modified_time":"2021-12-02T15:29:41+00:00","og_image":[{"width":780,"height":440,"url":"https:\/\/trinter.com\/wp-content\/uploads\/2021\/10\/servicio-aduana-2.jpg","type":"image\/jpeg"}],"twitter_card":"summary_large_image","twitter_misc":{"Temps estimat de lectura":"4 minuts"},"schema":{"@context":"https:\/\/schema.org","@graph":[{"@type":"WebPage","@id":"https:\/\/trinter.com\/ca\/duanes\/","url":"https:\/\/trinter.com\/ca\/duanes\/","name":"Duanes - M. C. Trinter","isPartOf":{"@id":"https:\/\/trinter.com\/ca\/#website"},"primaryImageOfPage":{"@id":"https:\/\/trinter.com\/ca\/duanes\/#primaryimage"},"image":{"@id":"https:\/\/trinter.com\/ca\/duanes\/#primaryimage"},"thumbnailUrl":"https:\/\/trinter.com\/wp-content\/uploads\/2021\/10\/servicio-aduana-2.jpg","datePublished":"2021-10-21T08:42:49+00:00","dateModified":"2021-12-02T15:29:41+00:00","breadcrumb":{"@id":"https:\/\/trinter.com\/ca\/duanes\/#breadcrumb"},"inLanguage":"ca","potentialAction":[{"@type":"ReadAction","target":["https:\/\/trinter.com\/ca\/duanes\/"]}]},{"@type":"ImageObject","inLanguage":"ca","@id":"https:\/\/trinter.com\/ca\/duanes\/#primaryimage","url":"https:\/\/trinter.com\/wp-content\/uploads\/2021\/10\/servicio-aduana-2.jpg","contentUrl":"https:\/\/trinter.com\/wp-content\/uploads\/2021\/10\/servicio-aduana-2.jpg","width":780,"height":440},{"@type":"BreadcrumbList","@id":"https:\/\/trinter.com\/ca\/duanes\/#breadcrumb","itemListElement":[{"@type":"ListItem","position":1,"name":"Portada","item":"https:\/\/trinter.com\/ca\/inici\/"},{"@type":"ListItem","position":2,"name":"Duanes"}]},{"@type":"WebSite","@id":"https:\/\/trinter.com\/ca\/#website","url":"https:\/\/trinter.com\/ca\/","name":"M. C. Trinter","description":"L\u00cdDERES EN LOG\u00cdSTICA INTEGRAL Y TRANSPORTES INTERNACIONALES","potentialAction":[{"@type":"SearchAction","target":{"@type":"EntryPoint","urlTemplate":"https:\/\/trinter.com\/ca\/?s={search_term_string}"},"query-input":{"@type":"PropertyValueSpecification","valueRequired":true,"valueName":"search_term_string"}}],"inLanguage":"ca"}]}},"_links":{"self":[{"href":"https:\/\/trinter.com\/ca\/wp-json\/wp\/v2\/pages\/1762","targetHints":{"allow":["GET"]}}],"collection":[{"href":"https:\/\/trinter.com\/ca\/wp-json\/wp\/v2\/pages"}],"about":[{"href":"https:\/\/trinter.com\/ca\/wp-json\/wp\/v2\/types\/page"}],"author":[{"embeddable":true,"href":"https:\/\/trinter.com\/ca\/wp-json\/wp\/v2\/users\/4"}],"replies":[{"embeddable":true,"href":"https:\/\/trinter.com\/ca\/wp-json\/wp\/v2\/comments?post=1762"}],"version-history":[{"count":0,"href":"https:\/\/trinter.com\/ca\/wp-json\/wp\/v2\/pages\/1762\/revisions"}],"wp:featuredmedia":[{"embeddable":true,"href":"https:\/\/trinter.com\/ca\/wp-json\/wp\/v2\/media\/1366"}],"wp:attachment":[{"href":"https:\/\/trinter.com\/ca\/wp-json\/wp\/v2\/media?parent=1762"}],"curies":[{"name":"wp","href":"https:\/\/api.w.org\/{rel}","templated":true}]}}