{"id":1584,"date":"2021-10-21T10:40:13","date_gmt":"2021-10-21T08:40:13","guid":{"rendered":"https:\/\/trinter.desarrolloc2.com\/sobre-nosaltres\/"},"modified":"2025-09-23T17:14:21","modified_gmt":"2025-09-23T15:14:21","slug":"sobre-nosaltres","status":"publish","type":"page","link":"https:\/\/trinter.com\/ca\/sobre-nosaltres\/","title":{"rendered":"Sobre nosaltres"},"content":{"rendered":"<p>[et_pb_section fb_built=&#8221;1&#8243; _builder_version=&#8221;4.16&#8243; _module_preset=&#8221;default&#8221; background_color=&#8221;#FFFFFF&#8221; custom_padding=&#8221;35px||35px||false|false&#8221; global_colors_info=&#8221;{}&#8221;][et_pb_row column_structure=&#8221;3_5,2_5&#8243; _builder_version=&#8221;4.16&#8243; _module_preset=&#8221;default&#8221; custom_margin=&#8221;||||false|false&#8221; custom_padding=&#8221;||1px||false|false&#8221; global_colors_info=&#8221;{}&#8221;][et_pb_column type=&#8221;3_5&#8243; _builder_version=&#8221;4.16&#8243; _module_preset=&#8221;default&#8221; global_colors_info=&#8221;{}&#8221;][et_pb_text _builder_version=&#8221;4.16&#8243; _module_preset=&#8221;default&#8221; header_font=&#8221;|700|||||||&#8221; header_text_color=&#8221;#003979&#8243; header_font_size=&#8221;3.6vw&#8221; custom_margin=&#8221;0px|0px|0px|0px|false|false&#8221; custom_padding=&#8221;0px|0px|0px|0px|false|false&#8221; sticky_limit_bottom=&#8221;section&#8221; header_font_size_tablet=&#8221;6vw&#8221; header_font_size_phone=&#8221;12vw&#8221; header_font_size_last_edited=&#8221;on|tablet&#8221; global_colors_info=&#8221;{}&#8221;]<\/p>\n<h1>Sobre nosaltres<\/h1>\n<p>[\/et_pb_text][et_pb_text ul_item_indent=&#8221;29px&#8221; _builder_version=&#8221;4.16&#8243; _module_preset=&#8221;default&#8221; header_2_font=&#8221;|700|||||||&#8221; header_2_text_color=&#8221;#003979&#8243; header_2_font_size=&#8221;28px&#8221; header_2_line_height=&#8221;1.4em&#8221; module_alignment=&#8221;center&#8221; custom_margin=&#8221;||10px||false|false&#8221; custom_margin_tablet=&#8221;20px||10px||false|false&#8221; custom_margin_phone=&#8221;&#8221; custom_margin_last_edited=&#8221;on|tablet&#8221; locked=&#8221;off&#8221; global_colors_info=&#8221;{}&#8221;]<\/p>\n<h2>Empresa<\/h2>\n<p>[\/et_pb_text][et_pb_divider color=&#8221;#C4A814&#8243; divider_weight=&#8221;6px&#8221; _builder_version=&#8221;4.16&#8243; _module_preset=&#8221;default&#8221; width=&#8221;200px&#8221; custom_margin=&#8221;||||false|false&#8221; locked=&#8221;off&#8221; global_colors_info=&#8221;{}&#8221;][\/et_pb_divider][et_pb_text ul_item_indent=&#8221;29px&#8221; _builder_version=&#8221;4.16&#8243; _module_preset=&#8221;default&#8221; header_2_font=&#8221;|700|||||||&#8221; header_2_text_color=&#8221;#003979&#8243; header_2_font_size=&#8221;28px&#8221; header_2_line_height=&#8221;1.4em&#8221; module_alignment=&#8221;center&#8221; min_height=&#8221;494px&#8221; custom_margin=&#8221;||10px||false|false&#8221; custom_margin_tablet=&#8221;20px||10px||false|false&#8221; custom_margin_phone=&#8221;20px||10px||false|false&#8221; custom_margin_last_edited=&#8221;on|tablet&#8221; locked=&#8221;off&#8221; global_colors_info=&#8221;{}&#8221;]<\/p>\n<p><strong>M.C. T<span>RINTER S.A.<\/span><\/strong> \u00e9s una empresa transit\u00e0ria creada a Barcelona l&#8217;any 1994 certificada com a Operador Econ\u00f2mic autoritzat <strong>OEA<\/strong> en simplificaci\u00f3 duanera \/protecci\u00f3 i seguretat.<\/p>\n<p>Aix\u00ed mateix, disposem de la certificaci\u00f3 <strong>ISO 9001:2015<\/strong> i estem autoritzats per al transport de medicaments destinats per al consum hum\u00e0, sota normativa <strong>GDP<\/strong> (Good Delivery Practises).<\/p>\n<p>Disposem de delegacions a Barcelona (ZAL 1), Madrid i Centre de c\u00e0rrega a\u00e8ria de l&#8217;Aeroport de Barcelona. Comptem amb un equip hum\u00e0 de prop de 80 persones especialitzades en comer\u00e7 exterior.<\/p>\n<p>Som el representant en exclusiva per a Barcelona de la xarxa <strong>WORLDFREIGHT GROUP<\/strong> <a href=\"http:\/\/www.wf-group.com\" target=\"_blank\" rel=\"noopener\">(www.wf-group.com<\/a>) amb pres\u00e8ncia en tots els punts del planeta. Aix\u00ed com de les xarxes <strong>AOG247<\/strong> (<a href=\"http:\/\/www.aogfreight247.com\" target=\"_blank\" rel=\"noopener\">www.aogfreight247.com<\/a>) i <strong>SSF247<\/strong> (<a href=\"http:\/\/www.shipsparesfreight247.com\" target=\"_blank\" rel=\"noopener\">www.shipsparesfreight247.com<\/a>) en l\u2019\u00e0mbit estatal i en exclusiva.<\/p>\n<p>Som agents<strong>IATA<\/strong> i estem certificats amb el segell de qualitat <strong>Efficiency Network del Port de Barcelona.<\/strong><\/p>\n<p><strong>M.C. TRINTER S.A.<\/strong> disposa de 6000 M2 de magatzems en el ZAL de Barcelona, mes 3000 m\u00b2 en Coslada, Madrid, per a cobrir totes les seves necessitats log\u00edstiques. Estem especialitzats tant en magatzems multiclient com en magatzems dedicats.<\/p>\n<p>El nostre objectiu \u00e9s ser el seu departament log\u00edstic i gestionar totes les seves necessitats de comer\u00e7 exterior.<\/p>\n<p>A <strong>M.C. TRINTER S.A<\/strong>. Sabem quin \u00e9s el valor fonamental i pilar en el qual se sustenta la nostra companyia: La confian\u00e7a dels nostres clients.<\/p>\n<p>Per aix\u00f2, renovem di\u00e0riament aquest comprom\u00eds amb vost\u00e8s, adaptant les nostres estructures a les seves necessitats, podent realitzar estudis sobre necessitats log\u00edstiques concretes, amb l&#8217;aportaci\u00f3 d&#8217;un equip hum\u00e0 creatiu i professional, de reconeguda experi\u00e8ncia en el nostre sector.<\/p>\n<p>[\/et_pb_text][\/et_pb_column][et_pb_column type=&#8221;2_5&#8243; _builder_version=&#8221;4.16&#8243; _module_preset=&#8221;default&#8221; custom_padding=&#8221;||||false|false&#8221; global_colors_info=&#8221;{}&#8221;][et_pb_image src=&#8221;https:\/\/trinter.com\/wp-content\/uploads\/2021\/11\/sobre-nosotros-5.jpg&#8221; title_text=&#8221;sobre-nosaltres-5&#8243; _builder_version=&#8221;4.16&#8243; _module_preset=&#8221;default&#8221; transform_translate_linked__hover=&#8221;off&#8221; custom_margin=&#8221;||||false|false&#8221; animation_style=&#8221;slide&#8221; animation_direction=&#8221;right&#8221; animation_delay=&#8221;500ms&#8221; animation_intensity_slide=&#8221;10%&#8221; hover_transition_duration=&#8221;200ms&#8221; global_colors_info=&#8221;{}&#8221; transform_styles__hover_enabled=&#8221;off|hover&#8221; transform_scale__hover=&#8221;120%|120%&#8221; transform_scale__hover_enabled=&#8221;off|hover&#8221; transform_translate__hover_enabled=&#8221;off|hover&#8221; transform_rotate__hover_enabled=&#8221;off|hover&#8221; transform_skew__hover_enabled=&#8221;off|hover&#8221; transform_origin__hover_enabled=&#8221;off|hover&#8221;][\/et_pb_image][et_pb_image src=&#8221;https:\/\/trinter.com\/wp-content\/uploads\/2021\/11\/sobre-nosotros-4.jpg&#8221; title_text=&#8221;sobre-nosaltres-4&#8243; _builder_version=&#8221;4.16&#8243; _module_preset=&#8221;default&#8221; transform_translate_linked__hover=&#8221;off&#8221; custom_margin=&#8221;||||false|false&#8221; animation_style=&#8221;slide&#8221; animation_direction=&#8221;right&#8221; animation_delay=&#8221;700ms&#8221; animation_intensity_slide=&#8221;10%&#8221; hover_transition_duration=&#8221;200ms&#8221; global_colors_info=&#8221;{}&#8221; transform_styles__hover_enabled=&#8221;off|hover&#8221; transform_scale__hover=&#8221;120%|120%&#8221; transform_scale__hover_enabled=&#8221;off|hover&#8221; transform_translate__hover_enabled=&#8221;off|hover&#8221; transform_rotate__hover_enabled=&#8221;off|hover&#8221; transform_skew__hover_enabled=&#8221;off|hover&#8221; transform_origin__hover_enabled=&#8221;off|hover&#8221;][\/et_pb_image][\/et_pb_column][\/et_pb_row][\/et_pb_section][et_pb_section fb_built=&#8221;1&#8243; _builder_version=&#8221;4.16&#8243; _module_preset=&#8221;default&#8221; background_color=&#8221;#003979&#8243; background_enable_image=&#8221;off&#8221; custom_padding=&#8221;35px||35px|||&#8221; locked=&#8221;off&#8221; global_colors_info=&#8221;{}&#8221;][et_pb_row column_structure=&#8221;1_3,1_3,1_3&#8243; _builder_version=&#8221;4.16&#8243; _module_preset=&#8221;default&#8221; global_colors_info=&#8221;{}&#8221;][et_pb_column type=&#8221;1_3&#8243; _builder_version=&#8221;4.16&#8243; _module_preset=&#8221;default&#8221; global_colors_info=&#8221;{}&#8221;][et_pb_text ul_item_indent=&#8221;29px&#8221; _builder_version=&#8221;4.16&#8243; _module_preset=&#8221;default&#8221; text_font=&#8221;|700|||||||&#8221; text_text_color=&#8221;#FFFFFF&#8221; text_font_size=&#8221;3.6vw&#8221; text_line_height=&#8221;1.3em&#8221; header_text_color=&#8221;#FFFFFF&#8221; header_2_font=&#8221;|700|||||||&#8221; header_2_text_color=&#8221;#FFFFFF&#8221; header_2_font_size=&#8221;28px&#8221; header_2_line_height=&#8221;1.4em&#8221; module_alignment=&#8221;center&#8221; custom_margin=&#8221;||10px||false|false&#8221; custom_margin_tablet=&#8221;20px||10px||false|false&#8221; custom_margin_phone=&#8221;&#8221; custom_margin_last_edited=&#8221;on|tablet&#8221; text_font_size_tablet=&#8221;6vw&#8221; text_font_size_phone=&#8221;12vw&#8221; text_font_size_last_edited=&#8221;on|phone&#8221; text_orientation_tablet=&#8221;center&#8221; text_orientation_phone=&#8221;center&#8221; text_orientation_last_edited=&#8221;on|phone&#8221; locked=&#8221;off&#8221; global_colors_info=&#8221;{}&#8221;]<\/p>\n<p>Les nostres xifres<br \/>2024<\/p>\n<p>[\/et_pb_text][\/et_pb_column][et_pb_column type=&#8221;1_3&#8243; _builder_version=&#8221;4.16&#8243; _module_preset=&#8221;default&#8221; global_colors_info=&#8221;{}&#8221;][et_pb_number_counter title=&#8221;Moviments&#8221; number=&#8221;58.748&#8243; percent_sign=&#8221;off&#8221; _builder_version=&#8221;4.27.4&#8243; _module_preset=&#8221;default&#8221; title_text_color=&#8221;#FFFFFF&#8221; title_font_size=&#8221;28px&#8221; number_text_color=&#8221;#C4A814&#8243; number_font_size=&#8221;3.6vw&#8221; custom_padding=&#8221;40px|||||&#8221; custom_padding_tablet=&#8221;20px||||false|false&#8221; custom_padding_phone=&#8221;20px||||false|false&#8221; custom_padding_last_edited=&#8221;on|phone&#8221; hover_enabled=&#8221;0&#8243; number_font_size_tablet=&#8221;6vw&#8221; number_font_size_phone=&#8221;12vw&#8221; number_font_size_last_edited=&#8221;on|tablet&#8221; global_colors_info=&#8221;{}&#8221; sticky_enabled=&#8221;0&#8243;][\/et_pb_number_counter][\/et_pb_column][et_pb_column type=&#8221;1_3&#8243; _builder_version=&#8221;4.16&#8243; _module_preset=&#8221;default&#8221; global_colors_info=&#8221;{}&#8221;][et_pb_number_counter title=&#8221;Milions de quilos transportats&#8221; number=&#8221;332.900.697&#8243; percent_sign=&#8221;off&#8221; _builder_version=&#8221;4.27.4&#8243; _module_preset=&#8221;default&#8221; title_text_color=&#8221;#FFFFFF&#8221; title_font_size=&#8221;28px&#8221; number_text_color=&#8221;#C4A814&#8243; number_font_size=&#8221;3.6vw&#8221; custom_padding=&#8221;40px|||||&#8221; custom_padding_tablet=&#8221;20px||||false|false&#8221; custom_padding_phone=&#8221;20px||||false|false&#8221; custom_padding_last_edited=&#8221;on|phone&#8221; hover_enabled=&#8221;0&#8243; number_font_size_tablet=&#8221;6vw&#8221; number_font_size_phone=&#8221;12vw&#8221; number_font_size_last_edited=&#8221;on|tablet&#8221; global_colors_info=&#8221;{}&#8221; sticky_enabled=&#8221;0&#8243;][\/et_pb_number_counter][\/et_pb_column][\/et_pb_row][\/et_pb_section][et_pb_section fb_built=&#8221;1&#8243; _builder_version=&#8221;4.16&#8243; _module_preset=&#8221;default&#8221; background_color=&#8221;#FFFFFF&#8221; custom_padding=&#8221;57px|||||&#8221; global_colors_info=&#8221;{}&#8221;][et_pb_row column_structure=&#8221;1_2,1_2&#8243; _builder_version=&#8221;4.16&#8243; _module_preset=&#8221;default&#8221; custom_padding=&#8221;3px||4px|||&#8221; custom_css_main_element=&#8221;display: flex;&#8221; global_colors_info=&#8221;{}&#8221; custom_css_main_element_last_edited=&#8221;on|phone&#8221; custom_css_main_element_tablet=&#8221; &#8221; custom_css_main_element_phone=&#8221; &#8220;][et_pb_column type=&#8221;1_2&#8243; _builder_version=&#8221;4.16&#8243; _module_preset=&#8221;default&#8221; custom_css_main_element=&#8221;display: flex;||flex-direction: column;||justify-content: center;&#8221; global_colors_info=&#8221;{}&#8221; custom_css_main_element_last_edited=&#8221;on|desktop&#8221; custom_css_main_element_tablet=&#8221; &#8221; custom_css_main_element_phone=&#8221; &#8220;][et_pb_image src=&#8221;https:\/\/trinter.com\/wp-content\/uploads\/2021\/11\/sobre-nosotros-2.jpg&#8221; title_text=&#8221;sobre-nosaltres-2&#8243; _builder_version=&#8221;4.16&#8243; _module_preset=&#8221;default&#8221; transform_translate_linked__hover=&#8221;off&#8221; hover_transition_duration=&#8221;200ms&#8221; global_colors_info=&#8221;{}&#8221; transform_styles__hover_enabled=&#8221;on|hover&#8221; transform_scale__hover_enabled=&#8221;on|hover&#8221; transform_translate__hover_enabled=&#8221;on|hover&#8221; transform_rotate__hover_enabled=&#8221;on|desktop&#8221; transform_skew__hover_enabled=&#8221;on|desktop&#8221; transform_origin__hover_enabled=&#8221;on|desktop&#8221; transform_scale__hover=&#8221;120%|120%&#8221;][\/et_pb_image][\/et_pb_column][et_pb_column type=&#8221;1_2&#8243; _builder_version=&#8221;4.16&#8243; _module_preset=&#8221;default&#8221; background_color=&#8221;#eeeeee&#8221; custom_padding=&#8221;30px|30px|30px|30px|false|false&#8221; global_colors_info=&#8221;{}&#8221;][et_pb_text ul_item_indent=&#8221;29px&#8221; _builder_version=&#8221;4.16&#8243; _module_preset=&#8221;default&#8221; header_2_font=&#8221;|700|||||||&#8221; header_2_text_color=&#8221;#003979&#8243; header_2_font_size=&#8221;28px&#8221; header_2_line_height=&#8221;1.4em&#8221; module_alignment=&#8221;center&#8221; custom_margin=&#8221;||10px||false|false&#8221; custom_margin_tablet=&#8221;20px||10px||false|false&#8221; custom_margin_phone=&#8221;&#8221; custom_margin_last_edited=&#8221;on|tablet&#8221; locked=&#8221;off&#8221; global_colors_info=&#8221;{}&#8221;]<\/p>\n<h2><b>Missi\u00f3 i valors<\/b><\/h2>\n<p>[\/et_pb_text][et_pb_divider color=&#8221;#C4A814&#8243; divider_weight=&#8221;6px&#8221; _builder_version=&#8221;4.16&#8243; _module_preset=&#8221;default&#8221; width=&#8221;200px&#8221; custom_margin=&#8221;||||false|false&#8221; locked=&#8221;off&#8221; global_colors_info=&#8221;{}&#8221;][\/et_pb_divider][et_pb_text ul_item_indent=&#8221;29px&#8221; _builder_version=&#8221;4.16&#8243; _module_preset=&#8221;default&#8221; header_2_font=&#8221;|700|||||||&#8221; header_2_text_color=&#8221;#003979&#8243; header_2_font_size=&#8221;28px&#8221; header_2_line_height=&#8221;1.4em&#8221; module_alignment=&#8221;center&#8221; custom_margin=&#8221;||10px||false|false&#8221; custom_margin_tablet=&#8221;20px||10px||false|false&#8221; custom_margin_phone=&#8221;20px||10px||false|false&#8221; custom_margin_last_edited=&#8221;on|tablet&#8221; locked=&#8221;off&#8221; global_colors_info=&#8221;{}&#8221;]<\/p>\n<p><strong>M.C. TRINTER S.A<\/strong>. \u00e9s una companyia de capital local l\u00edder en log\u00edstica integral, duanes i transport internacional.<\/p>\n<p><strong>M.C. TRINTER S. a. ofereix solucions globals log\u00edstiques amb una s\u00f2lida i alta qualitat de servei.<\/strong><\/p>\n<p>Oferim una alta capacitat operativa local sota una visi\u00f3 global que abasta m\u00e9s de 150 pa\u00efsos.<\/p>\n<p>La nostra filosofia i vocaci\u00f3 est\u00e0 totalment orientada a adaptar-nos als nostres clients.<\/p>\n<p>El nostre major actiu \u00e9s el nostre capital hum\u00e0: prop de 80 professionals experts en les diferents \u00e0rees que di\u00e0riament posen la seva experi\u00e8ncia al servei de la nostra clientela.<\/p>\n<p>La s\u00f3lida estructura que hoy en d\u00eda sustenta nuestra Organizaci\u00f3n nos permite ser lo suficientemente flexibles como para adaptarnos a cualquier desaf\u00edo log\u00edstico, convirti\u00e9ndonos en el partner ideal de su Empresa.<\/p>\n<p>[\/et_pb_text][\/et_pb_column][\/et_pb_row][\/et_pb_section][et_pb_section fb_built=&#8221;1&#8243; _builder_version=&#8221;4.16&#8243; _module_preset=&#8221;default&#8221; background_image=&#8221;https:\/\/trinter.com\/wp-content\/uploads\/2021\/11\/trinter-bg-cta.jpg&#8221; saved_tabs=&#8221;all&#8221; locked=&#8221;off&#8221; global_colors_info=&#8221;{}&#8221;][et_pb_row _builder_version=&#8221;4.16&#8243; _module_preset=&#8221;default&#8221; global_colors_info=&#8221;{}&#8221;][et_pb_column type=&#8221;4_4&#8243; _builder_version=&#8221;4.16&#8243; _module_preset=&#8221;default&#8221; global_colors_info=&#8221;{}&#8221;][et_pb_text _builder_version=&#8221;4.16&#8243; _module_preset=&#8221;default&#8221; text_text_color=&#8221;#FFFFFF&#8221; text_font_size=&#8221;3vw&#8221; text_line_height=&#8221;1.3em&#8221; text_orientation=&#8221;center&#8221; text_font_size_tablet=&#8221;6vw&#8221; text_font_size_phone=&#8221;6vw&#8221; text_font_size_last_edited=&#8221;on|desktop&#8221; global_colors_info=&#8221;{}&#8221;]<\/p>\n<p>FLEXIBILITAT \u2013 PROFESSIONALITAT \u2013 SOLIDESA<\/p>\n<p>[\/et_pb_text][\/et_pb_column][\/et_pb_row][\/et_pb_section]<\/p>\n","protected":false},"excerpt":{"rendered":"<p>Sobre nosaltresEmpresaM.C. TRINTER S.A. \u00e9s una empresa transit\u00e0ria creada a Barcelona l&#8217;any 1994 certificada com a Operador Econ\u00f2mic autoritzat OEA en simplificaci\u00f3 duanera \/protecci\u00f3 i seguretat. Aix\u00ed mateix, disposem de la certificaci\u00f3 ISO 9001:2015 i estem autoritzats per al transport de medicaments destinats per al consum hum\u00e0, sota normativa GDP (Good Delivery Practises). Disposem de [&hellip;]<\/p>\n","protected":false},"author":4,"featured_media":1412,"parent":0,"menu_order":0,"comment_status":"closed","ping_status":"closed","template":"","meta":{"_et_pb_use_builder":"on","_et_pb_old_content":"","_et_gb_content_width":"","footnotes":""},"class_list":["post-1584","page","type-page","status-publish","has-post-thumbnail","hentry"],"yoast_head":"<!-- This site is optimized with the Yoast SEO plugin v25.4 - https:\/\/yoast.com\/wordpress\/plugins\/seo\/ -->\n<title>Sobre nosaltres - M. C. Trinter<\/title>\n<meta name=\"robots\" content=\"index, follow, max-snippet:-1, max-image-preview:large, max-video-preview:-1\" \/>\n<link rel=\"canonical\" href=\"https:\/\/trinter.com\/ca\/sobre-nosaltres\/\" \/>\n<meta property=\"og:locale\" content=\"ca_ES\" \/>\n<meta property=\"og:type\" content=\"article\" \/>\n<meta property=\"og:title\" content=\"Sobre nosaltres - M. C. Trinter\" \/>\n<meta property=\"og:description\" content=\"Sobre nosaltresEmpresaM.C. TRINTER S.A. \u00e9s una empresa transit\u00e0ria creada a Barcelona l&#039;any 1994 certificada com a Operador Econ\u00f2mic autoritzat OEA en simplificaci\u00f3 duanera \/protecci\u00f3 i seguretat. Aix\u00ed mateix, disposem de la certificaci\u00f3 ISO 9001:2015 i estem autoritzats per al transport de medicaments destinats per al consum hum\u00e0, sota normativa GDP (Good Delivery Practises). Disposem de [&hellip;]\" \/>\n<meta property=\"og:url\" content=\"https:\/\/trinter.com\/ca\/sobre-nosaltres\/\" \/>\n<meta property=\"og:site_name\" content=\"M. C. Trinter\" \/>\n<meta property=\"article:modified_time\" content=\"2025-09-23T15:14:21+00:00\" \/>\n<meta property=\"og:image\" content=\"https:\/\/trinter.com\/wp-content\/uploads\/2021\/11\/sobre-nosotros-3.jpg\" \/>\n\t<meta property=\"og:image:width\" content=\"500\" \/>\n\t<meta property=\"og:image:height\" content=\"540\" \/>\n\t<meta property=\"og:image:type\" content=\"image\/jpeg\" \/>\n<meta name=\"twitter:card\" content=\"summary_large_image\" \/>\n<meta name=\"twitter:label1\" content=\"Temps estimat de lectura\" \/>\n\t<meta name=\"twitter:data1\" content=\"9 minuts\" \/>\n<script type=\"application\/ld+json\" class=\"yoast-schema-graph\">{\"@context\":\"https:\/\/schema.org\",\"@graph\":[{\"@type\":\"WebPage\",\"@id\":\"https:\/\/trinter.com\/ca\/sobre-nosaltres\/\",\"url\":\"https:\/\/trinter.com\/ca\/sobre-nosaltres\/\",\"name\":\"Sobre nosaltres - M. C. Trinter\",\"isPartOf\":{\"@id\":\"https:\/\/trinter.com\/ca\/#website\"},\"primaryImageOfPage\":{\"@id\":\"https:\/\/trinter.com\/ca\/sobre-nosaltres\/#primaryimage\"},\"image\":{\"@id\":\"https:\/\/trinter.com\/ca\/sobre-nosaltres\/#primaryimage\"},\"thumbnailUrl\":\"https:\/\/trinter.com\/wp-content\/uploads\/2021\/11\/sobre-nosotros-3.jpg\",\"datePublished\":\"2021-10-21T08:40:13+00:00\",\"dateModified\":\"2025-09-23T15:14:21+00:00\",\"breadcrumb\":{\"@id\":\"https:\/\/trinter.com\/ca\/sobre-nosaltres\/#breadcrumb\"},\"inLanguage\":\"ca\",\"potentialAction\":[{\"@type\":\"ReadAction\",\"target\":[\"https:\/\/trinter.com\/ca\/sobre-nosaltres\/\"]}]},{\"@type\":\"ImageObject\",\"inLanguage\":\"ca\",\"@id\":\"https:\/\/trinter.com\/ca\/sobre-nosaltres\/#primaryimage\",\"url\":\"https:\/\/trinter.com\/wp-content\/uploads\/2021\/11\/sobre-nosotros-3.jpg\",\"contentUrl\":\"https:\/\/trinter.com\/wp-content\/uploads\/2021\/11\/sobre-nosotros-3.jpg\",\"width\":500,\"height\":540},{\"@type\":\"BreadcrumbList\",\"@id\":\"https:\/\/trinter.com\/ca\/sobre-nosaltres\/#breadcrumb\",\"itemListElement\":[{\"@type\":\"ListItem\",\"position\":1,\"name\":\"Portada\",\"item\":\"https:\/\/trinter.com\/ca\/inici\/\"},{\"@type\":\"ListItem\",\"position\":2,\"name\":\"Sobre nosaltres\"}]},{\"@type\":\"WebSite\",\"@id\":\"https:\/\/trinter.com\/ca\/#website\",\"url\":\"https:\/\/trinter.com\/ca\/\",\"name\":\"M. C. Trinter\",\"description\":\"L\u00cdDERES EN LOG\u00cdSTICA INTEGRAL Y TRANSPORTES INTERNACIONALES\",\"potentialAction\":[{\"@type\":\"SearchAction\",\"target\":{\"@type\":\"EntryPoint\",\"urlTemplate\":\"https:\/\/trinter.com\/ca\/?s={search_term_string}\"},\"query-input\":{\"@type\":\"PropertyValueSpecification\",\"valueRequired\":true,\"valueName\":\"search_term_string\"}}],\"inLanguage\":\"ca\"}]}<\/script>\n<!-- \/ Yoast SEO plugin. -->","yoast_head_json":{"title":"Sobre nosaltres - M. C. Trinter","robots":{"index":"index","follow":"follow","max-snippet":"max-snippet:-1","max-image-preview":"max-image-preview:large","max-video-preview":"max-video-preview:-1"},"canonical":"https:\/\/trinter.com\/ca\/sobre-nosaltres\/","og_locale":"ca_ES","og_type":"article","og_title":"Sobre nosaltres - M. C. Trinter","og_description":"Sobre nosaltresEmpresaM.C. TRINTER S.A. \u00e9s una empresa transit\u00e0ria creada a Barcelona l'any 1994 certificada com a Operador Econ\u00f2mic autoritzat OEA en simplificaci\u00f3 duanera \/protecci\u00f3 i seguretat. Aix\u00ed mateix, disposem de la certificaci\u00f3 ISO 9001:2015 i estem autoritzats per al transport de medicaments destinats per al consum hum\u00e0, sota normativa GDP (Good Delivery Practises). Disposem de [&hellip;]","og_url":"https:\/\/trinter.com\/ca\/sobre-nosaltres\/","og_site_name":"M. C. Trinter","article_modified_time":"2025-09-23T15:14:21+00:00","og_image":[{"width":500,"height":540,"url":"https:\/\/trinter.com\/wp-content\/uploads\/2021\/11\/sobre-nosotros-3.jpg","type":"image\/jpeg"}],"twitter_card":"summary_large_image","twitter_misc":{"Temps estimat de lectura":"9 minuts"},"schema":{"@context":"https:\/\/schema.org","@graph":[{"@type":"WebPage","@id":"https:\/\/trinter.com\/ca\/sobre-nosaltres\/","url":"https:\/\/trinter.com\/ca\/sobre-nosaltres\/","name":"Sobre nosaltres - M. C. Trinter","isPartOf":{"@id":"https:\/\/trinter.com\/ca\/#website"},"primaryImageOfPage":{"@id":"https:\/\/trinter.com\/ca\/sobre-nosaltres\/#primaryimage"},"image":{"@id":"https:\/\/trinter.com\/ca\/sobre-nosaltres\/#primaryimage"},"thumbnailUrl":"https:\/\/trinter.com\/wp-content\/uploads\/2021\/11\/sobre-nosotros-3.jpg","datePublished":"2021-10-21T08:40:13+00:00","dateModified":"2025-09-23T15:14:21+00:00","breadcrumb":{"@id":"https:\/\/trinter.com\/ca\/sobre-nosaltres\/#breadcrumb"},"inLanguage":"ca","potentialAction":[{"@type":"ReadAction","target":["https:\/\/trinter.com\/ca\/sobre-nosaltres\/"]}]},{"@type":"ImageObject","inLanguage":"ca","@id":"https:\/\/trinter.com\/ca\/sobre-nosaltres\/#primaryimage","url":"https:\/\/trinter.com\/wp-content\/uploads\/2021\/11\/sobre-nosotros-3.jpg","contentUrl":"https:\/\/trinter.com\/wp-content\/uploads\/2021\/11\/sobre-nosotros-3.jpg","width":500,"height":540},{"@type":"BreadcrumbList","@id":"https:\/\/trinter.com\/ca\/sobre-nosaltres\/#breadcrumb","itemListElement":[{"@type":"ListItem","position":1,"name":"Portada","item":"https:\/\/trinter.com\/ca\/inici\/"},{"@type":"ListItem","position":2,"name":"Sobre nosaltres"}]},{"@type":"WebSite","@id":"https:\/\/trinter.com\/ca\/#website","url":"https:\/\/trinter.com\/ca\/","name":"M. C. Trinter","description":"L\u00cdDERES EN LOG\u00cdSTICA INTEGRAL Y TRANSPORTES INTERNACIONALES","potentialAction":[{"@type":"SearchAction","target":{"@type":"EntryPoint","urlTemplate":"https:\/\/trinter.com\/ca\/?s={search_term_string}"},"query-input":{"@type":"PropertyValueSpecification","valueRequired":true,"valueName":"search_term_string"}}],"inLanguage":"ca"}]}},"_links":{"self":[{"href":"https:\/\/trinter.com\/ca\/wp-json\/wp\/v2\/pages\/1584","targetHints":{"allow":["GET"]}}],"collection":[{"href":"https:\/\/trinter.com\/ca\/wp-json\/wp\/v2\/pages"}],"about":[{"href":"https:\/\/trinter.com\/ca\/wp-json\/wp\/v2\/types\/page"}],"author":[{"embeddable":true,"href":"https:\/\/trinter.com\/ca\/wp-json\/wp\/v2\/users\/4"}],"replies":[{"embeddable":true,"href":"https:\/\/trinter.com\/ca\/wp-json\/wp\/v2\/comments?post=1584"}],"version-history":[{"count":1,"href":"https:\/\/trinter.com\/ca\/wp-json\/wp\/v2\/pages\/1584\/revisions"}],"predecessor-version":[{"id":2008,"href":"https:\/\/trinter.com\/ca\/wp-json\/wp\/v2\/pages\/1584\/revisions\/2008"}],"wp:featuredmedia":[{"embeddable":true,"href":"https:\/\/trinter.com\/ca\/wp-json\/wp\/v2\/media\/1412"}],"wp:attachment":[{"href":"https:\/\/trinter.com\/ca\/wp-json\/wp\/v2\/media?parent=1584"}],"curies":[{"name":"wp","href":"https:\/\/api.w.org\/{rel}","templated":true}]}}