{"id":1563,"date":"2021-10-21T10:40:32","date_gmt":"2021-10-21T08:40:32","guid":{"rendered":"https:\/\/trinter.desarrolloc2.com\/certificacions\/"},"modified":"2024-12-10T12:56:40","modified_gmt":"2024-12-10T11:56:40","slug":"certificacions","status":"publish","type":"page","link":"https:\/\/trinter.com\/ca\/certificacions\/","title":{"rendered":"Certificacions"},"content":{"rendered":"<p>[et_pb_section fb_built=&#8221;1&#8243; _builder_version=&#8221;4.16&#8243; _module_preset=&#8221;default&#8221; custom_padding=&#8221;||3px|||&#8221; global_colors_info=&#8221;{}&#8221;][et_pb_row _builder_version=&#8221;4.16&#8243; _module_preset=&#8221;default&#8221; custom_padding=&#8221;||0px|||&#8221; global_colors_info=&#8221;{}&#8221;][et_pb_column type=&#8221;4_4&#8243; _builder_version=&#8221;4.16&#8243; _module_preset=&#8221;default&#8221; global_colors_info=&#8221;{}&#8221;][et_pb_text _builder_version=&#8221;4.16&#8243; _module_preset=&#8221;default&#8221; header_font=&#8221;|700|||||||&#8221; header_text_color=&#8221;#003979&#8243; header_font_size=&#8221;3.6vw&#8221; custom_margin=&#8221;0px|0px|0px|0px|false|false&#8221; custom_padding=&#8221;0px|0px|0px|0px|false|false&#8221; sticky_limit_bottom=&#8221;section&#8221; header_font_size_tablet=&#8221;6vw&#8221; header_font_size_phone=&#8221;10vw&#8221; header_font_size_last_edited=&#8221;on|tablet&#8221; global_colors_info=&#8221;{}&#8221;]<\/p>\n<h1>Certificacions<\/h1>\n<p>[\/et_pb_text][et_pb_text ul_item_indent=&#8221;29px&#8221; _builder_version=&#8221;4.16&#8243; _module_preset=&#8221;default&#8221; header_2_font=&#8221;|700|||||||&#8221; header_2_text_color=&#8221;#003979&#8243; header_2_font_size=&#8221;28px&#8221; header_2_line_height=&#8221;1.4em&#8221; module_alignment=&#8221;center&#8221; custom_margin=&#8221;||10px||false|false&#8221; custom_margin_tablet=&#8221;20px||10px||false|false&#8221; custom_margin_phone=&#8221;&#8221; custom_margin_last_edited=&#8221;on|tablet&#8221; locked=&#8221;off&#8221; global_colors_info=&#8221;{}&#8221;]<\/p>\n<h2>Certificacions i Filiacions<\/h2>\n<p>[\/et_pb_text][et_pb_divider color=&#8221;#C4A814&#8243; divider_weight=&#8221;6px&#8221; _builder_version=&#8221;4.16&#8243; _module_preset=&#8221;default&#8221; width=&#8221;200px&#8221; custom_margin=&#8221;||||false|false&#8221; locked=&#8221;off&#8221; global_colors_info=&#8221;{}&#8221;][\/et_pb_divider][\/et_pb_column][\/et_pb_row][\/et_pb_section][et_pb_section fb_built=&#8221;1&#8243; _builder_version=&#8221;4.16&#8243; _module_preset=&#8221;default&#8221; background_color=&#8221;#FFFFFF&#8221; custom_padding=&#8221;2px||35px|||&#8221; global_colors_info=&#8221;{}&#8221;][et_pb_row column_structure=&#8221;3_5,2_5&#8243; _builder_version=&#8221;4.16&#8243; _module_preset=&#8221;default&#8221; custom_margin=&#8221;||||false|false&#8221; custom_padding=&#8221;2px||1px||false|false&#8221; global_colors_info=&#8221;{}&#8221;][et_pb_column type=&#8221;3_5&#8243; _builder_version=&#8221;4.16&#8243; _module_preset=&#8221;default&#8221; global_colors_info=&#8221;{}&#8221;][et_pb_text ul_item_indent=&#8221;29px&#8221; _builder_version=&#8221;4.19.2&#8243; _module_preset=&#8221;default&#8221; header_2_font=&#8221;|700|||||||&#8221; header_2_text_color=&#8221;#003979&#8243; header_2_font_size=&#8221;28px&#8221; header_2_line_height=&#8221;1.4em&#8221; module_alignment=&#8221;center&#8221; custom_margin=&#8221;||||false|false&#8221; custom_margin_tablet=&#8221;20px||10px||false|false&#8221; custom_margin_phone=&#8221;20px||10px||false|false&#8221; custom_margin_last_edited=&#8221;on|tablet&#8221; hover_enabled=&#8221;0&#8243; locked=&#8221;off&#8221; global_colors_info=&#8221;{}&#8221; sticky_enabled=&#8221;0&#8243;]<\/p>\n<p>En <strong>M.C. TRINTER S.A<\/strong>. ens enorgulleix posseir les seg\u00fcents certificacions i filiacions:<\/p>\n<ul>\n<li>OEA (AEOF) Simplificaci\u00f3 duanera i seguretat <a href=\"http:\/\/www.aeat.es\" target=\"_blank\" rel=\"noopener\">www.aeat.es<\/a><\/li>\n<li>ISO 9001:2015 atorgada per SGS, certificadora acreditada per ENAC <a href=\"http:\/\/www.sgs.es\" target=\"_blank\" rel=\"noopener\">www.sgs.es<\/a> (<a href=\"https:\/\/trinter.com\/wp-content\/uploads\/2024\/12\/ISO.pdf\" target=\"_blank\" rel=\"noopener\">veure PDF<\/a>)<\/li>\n<li>GDP (bones pr\u00e0ctiques per al transport de medicaments per al consum hum\u00e0. Atorgada pEr SGS, certificadora acreditada pEr ENC <a href=\"http:\/\/www.sgs.es\" target=\"_blank\" rel=\"noopener\">www.sgs.es<\/a> (<a href=\"https:\/\/trinter.com\/wp-content\/uploads\/2024\/12\/USO.pdf\" target=\"_blank\" rel=\"noopener\">veure PDF<\/a>)<\/li>\n<li>Agents IATA <a href=\"http:\/\/www.iata.org\" target=\"_blank\" rel=\"noopener\">www.iata.org<\/a><\/li>\n<li>Agent acreditat per (AESA) AGENCIA SEGURIDAD AEREA ES-RA-0374<\/li>\n<li>Membres en exclusiva per Barcelona de la xarxa d&#8217;agents World Freight Group: <a href=\"http:\/\/www.wf-group.com\" target=\"_blank\" rel=\"noopener\">www.wf-group.com<\/a><\/li>\n<li>Membres en exclusiva per Espanya de la xarxa d&#8217;agents AOG247 <a href=\"http:\/\/www.aog247.com\" target=\"_blank\" rel=\"noopener\">www.aog247.com<\/a><\/li>\n<li>Membres en exclusiva para Espanya de la xarxa d&#8217;agents SSF247 <a href=\"http:\/\/www.shipsparesfreight247.com\" target=\"_blank\" rel=\"noopener\">www.shipsparesfreight247.com <\/a><\/li>\n<li>Segell de qualitat del Port de Barcelona Efficiency Network. <a href=\"http:\/\/www.portdebarcelona.com\" target=\"_blank\" rel=\"noopener\">www.portdebarcelona.com<\/a><\/li>\n<li>Federaci\u00f3n Espa\u00f1ola de transitarios. <a href=\"http:\/\/www.feteia.org\" target=\"_blank\" rel=\"noopener\">www.feteia.org<\/a><\/li>\n<\/ul>\n<p>Aquestes certificacions, que s\u00f3n auditades peri\u00f2dicament, ens permeten consolidar la nostra imatge de solidesa en el mercat des de 1994. La qualitat dels nostres serveis i l&#8217;estructura que ens brinden les nostres filiacions estrat\u00e8giques, s\u00f3n puntals b\u00e0sics perqu\u00e8 l&#8217;experi\u00e8ncia dels nostres clients sigui 100% satisfact\u00f2ria i amb garanties.<\/p>\n<p>El nostre objectiu \u00e9s continuar millorant els nostres processos interns per a identificar oportunitats que ens permetin seguir a l&#8217;avantguarda en el mercat.<\/p>\n<div id=\"gtx-trans\" style=\"position: absolute; left: 960px; top: 107.391px;\">\n<div class=\"gtx-trans-icon\">\u00a0<\/div>\n<\/div>\n<p>[\/et_pb_text][\/et_pb_column][et_pb_column type=&#8221;2_5&#8243; _builder_version=&#8221;4.16&#8243; _module_preset=&#8221;default&#8221; custom_padding=&#8221;||||false|false&#8221; global_colors_info=&#8221;{}&#8221;][et_pb_image src=&#8221;https:\/\/trinter.com\/wp-content\/uploads\/2021\/11\/certificaciones-trinter.jpg&#8221; title_text=&#8221;certificacions-trinter&#8221; _builder_version=&#8221;4.16&#8243; _module_preset=&#8221;default&#8221; custom_margin=&#8221;||||false|false&#8221; global_colors_info=&#8221;{}&#8221;][\/et_pb_image][\/et_pb_column][\/et_pb_row][et_pb_row _builder_version=&#8221;4.16&#8243; _module_preset=&#8221;default&#8221; global_colors_info=&#8221;{}&#8221;][et_pb_column type=&#8221;4_4&#8243; _builder_version=&#8221;4.16&#8243; _module_preset=&#8221;default&#8221; global_colors_info=&#8221;{}&#8221;][et_pb_image src=&#8221;https:\/\/trinter.com\/wp-content\/uploads\/2021\/11\/logos-certificaciones.png&#8221; title_text=&#8221;logos-certificacions&#8221; _builder_version=&#8221;4.16&#8243; _module_preset=&#8221;default&#8221; global_colors_info=&#8221;{}&#8221;][\/et_pb_image][\/et_pb_column][\/et_pb_row][\/et_pb_section][et_pb_section fb_built=&#8221;1&#8243; _builder_version=&#8221;4.16&#8243; _module_preset=&#8221;default&#8221; background_image=&#8221;https:\/\/trinter.com\/wp-content\/uploads\/2021\/11\/trinter-bg-cta.jpg&#8221; locked=&#8221;off&#8221; global_colors_info=&#8221;{}&#8221;][et_pb_row _builder_version=&#8221;4.16&#8243; _module_preset=&#8221;default&#8221; global_colors_info=&#8221;{}&#8221;][et_pb_column type=&#8221;4_4&#8243; _builder_version=&#8221;4.16&#8243; _module_preset=&#8221;default&#8221; global_colors_info=&#8221;{}&#8221;][et_pb_text _builder_version=&#8221;4.16&#8243; _module_preset=&#8221;default&#8221; text_text_color=&#8221;#FFFFFF&#8221; text_font_size=&#8221;3vw&#8221; text_line_height=&#8221;1.3em&#8221; text_orientation=&#8221;center&#8221; text_font_size_tablet=&#8221;6vw&#8221; text_font_size_phone=&#8221;6vw&#8221; text_font_size_last_edited=&#8221;on|desktop&#8221; global_colors_info=&#8221;{}&#8221;]<\/p>\n<p>FLEXIBILITAT \u2013 PROFESSIONALITAT \u2013 SOLIDESA<\/p>\n<p>[\/et_pb_text][\/et_pb_column][\/et_pb_row][\/et_pb_section]<\/p>\n","protected":false},"excerpt":{"rendered":"<p>CertificacionsCertificacions i FiliacionsEn M.C. TRINTER S.A. ens enorgulleix posseir les seg\u00fcents certificacions i filiacions: OEA (AEOF) Simplificaci\u00f3 duanera i seguretat www.aeat.es ISO 9001:2015 atorgada per SGS, certificadora acreditada per ENAC www.sgs.es (veure PDF) GDP (bones pr\u00e0ctiques per al transport de medicaments per al consum hum\u00e0. Atorgada pEr SGS, certificadora acreditada pEr ENC www.sgs.es (veure PDF) [&hellip;]<\/p>\n","protected":false},"author":4,"featured_media":1436,"parent":0,"menu_order":0,"comment_status":"closed","ping_status":"closed","template":"","meta":{"_et_pb_use_builder":"on","_et_pb_old_content":"","_et_gb_content_width":"","footnotes":""},"class_list":["post-1563","page","type-page","status-publish","has-post-thumbnail","hentry"],"yoast_head":"<!-- This site is optimized with the Yoast SEO plugin v25.4 - https:\/\/yoast.com\/wordpress\/plugins\/seo\/ -->\n<title>Certificacions - M. C. Trinter<\/title>\n<meta name=\"robots\" content=\"index, follow, max-snippet:-1, max-image-preview:large, max-video-preview:-1\" \/>\n<link rel=\"canonical\" href=\"https:\/\/trinter.com\/ca\/certificacions\/\" \/>\n<meta property=\"og:locale\" content=\"ca_ES\" \/>\n<meta property=\"og:type\" content=\"article\" \/>\n<meta property=\"og:title\" content=\"Certificacions - M. C. Trinter\" \/>\n<meta property=\"og:description\" content=\"CertificacionsCertificacions i FiliacionsEn M.C. TRINTER S.A. ens enorgulleix posseir les seg\u00fcents certificacions i filiacions: OEA (AEOF) Simplificaci\u00f3 duanera i seguretat www.aeat.es ISO 9001:2015 atorgada per SGS, certificadora acreditada per ENAC www.sgs.es (veure PDF) GDP (bones pr\u00e0ctiques per al transport de medicaments per al consum hum\u00e0. Atorgada pEr SGS, certificadora acreditada pEr ENC www.sgs.es (veure PDF) [&hellip;]\" \/>\n<meta property=\"og:url\" content=\"https:\/\/trinter.com\/ca\/certificacions\/\" \/>\n<meta property=\"og:site_name\" content=\"M. C. Trinter\" \/>\n<meta property=\"article:modified_time\" content=\"2024-12-10T11:56:40+00:00\" \/>\n<meta property=\"og:image\" content=\"https:\/\/trinter.com\/wp-content\/uploads\/2021\/11\/certificaciones-trinter.jpg\" \/>\n\t<meta property=\"og:image:width\" content=\"800\" \/>\n\t<meta property=\"og:image:height\" content=\"870\" \/>\n\t<meta property=\"og:image:type\" content=\"image\/jpeg\" \/>\n<meta name=\"twitter:card\" content=\"summary_large_image\" \/>\n<meta name=\"twitter:label1\" content=\"Temps estimat de lectura\" \/>\n\t<meta name=\"twitter:data1\" content=\"4 minuts\" \/>\n<script type=\"application\/ld+json\" class=\"yoast-schema-graph\">{\"@context\":\"https:\/\/schema.org\",\"@graph\":[{\"@type\":\"WebPage\",\"@id\":\"https:\/\/trinter.com\/ca\/certificacions\/\",\"url\":\"https:\/\/trinter.com\/ca\/certificacions\/\",\"name\":\"Certificacions - M. C. Trinter\",\"isPartOf\":{\"@id\":\"https:\/\/trinter.com\/ca\/#website\"},\"primaryImageOfPage\":{\"@id\":\"https:\/\/trinter.com\/ca\/certificacions\/#primaryimage\"},\"image\":{\"@id\":\"https:\/\/trinter.com\/ca\/certificacions\/#primaryimage\"},\"thumbnailUrl\":\"https:\/\/trinter.com\/wp-content\/uploads\/2021\/11\/certificaciones-trinter.jpg\",\"datePublished\":\"2021-10-21T08:40:32+00:00\",\"dateModified\":\"2024-12-10T11:56:40+00:00\",\"breadcrumb\":{\"@id\":\"https:\/\/trinter.com\/ca\/certificacions\/#breadcrumb\"},\"inLanguage\":\"ca\",\"potentialAction\":[{\"@type\":\"ReadAction\",\"target\":[\"https:\/\/trinter.com\/ca\/certificacions\/\"]}]},{\"@type\":\"ImageObject\",\"inLanguage\":\"ca\",\"@id\":\"https:\/\/trinter.com\/ca\/certificacions\/#primaryimage\",\"url\":\"https:\/\/trinter.com\/wp-content\/uploads\/2021\/11\/certificaciones-trinter.jpg\",\"contentUrl\":\"https:\/\/trinter.com\/wp-content\/uploads\/2021\/11\/certificaciones-trinter.jpg\",\"width\":800,\"height\":870},{\"@type\":\"BreadcrumbList\",\"@id\":\"https:\/\/trinter.com\/ca\/certificacions\/#breadcrumb\",\"itemListElement\":[{\"@type\":\"ListItem\",\"position\":1,\"name\":\"Portada\",\"item\":\"https:\/\/trinter.com\/ca\/inici\/\"},{\"@type\":\"ListItem\",\"position\":2,\"name\":\"Certificacions\"}]},{\"@type\":\"WebSite\",\"@id\":\"https:\/\/trinter.com\/ca\/#website\",\"url\":\"https:\/\/trinter.com\/ca\/\",\"name\":\"M. C. Trinter\",\"description\":\"L\u00cdDERES EN LOG\u00cdSTICA INTEGRAL Y TRANSPORTES INTERNACIONALES\",\"potentialAction\":[{\"@type\":\"SearchAction\",\"target\":{\"@type\":\"EntryPoint\",\"urlTemplate\":\"https:\/\/trinter.com\/ca\/?s={search_term_string}\"},\"query-input\":{\"@type\":\"PropertyValueSpecification\",\"valueRequired\":true,\"valueName\":\"search_term_string\"}}],\"inLanguage\":\"ca\"}]}<\/script>\n<!-- \/ Yoast SEO plugin. -->","yoast_head_json":{"title":"Certificacions - M. C. Trinter","robots":{"index":"index","follow":"follow","max-snippet":"max-snippet:-1","max-image-preview":"max-image-preview:large","max-video-preview":"max-video-preview:-1"},"canonical":"https:\/\/trinter.com\/ca\/certificacions\/","og_locale":"ca_ES","og_type":"article","og_title":"Certificacions - M. C. Trinter","og_description":"CertificacionsCertificacions i FiliacionsEn M.C. TRINTER S.A. ens enorgulleix posseir les seg\u00fcents certificacions i filiacions: OEA (AEOF) Simplificaci\u00f3 duanera i seguretat www.aeat.es ISO 9001:2015 atorgada per SGS, certificadora acreditada per ENAC www.sgs.es (veure PDF) GDP (bones pr\u00e0ctiques per al transport de medicaments per al consum hum\u00e0. Atorgada pEr SGS, certificadora acreditada pEr ENC www.sgs.es (veure PDF) [&hellip;]","og_url":"https:\/\/trinter.com\/ca\/certificacions\/","og_site_name":"M. C. Trinter","article_modified_time":"2024-12-10T11:56:40+00:00","og_image":[{"width":800,"height":870,"url":"https:\/\/trinter.com\/wp-content\/uploads\/2021\/11\/certificaciones-trinter.jpg","type":"image\/jpeg"}],"twitter_card":"summary_large_image","twitter_misc":{"Temps estimat de lectura":"4 minuts"},"schema":{"@context":"https:\/\/schema.org","@graph":[{"@type":"WebPage","@id":"https:\/\/trinter.com\/ca\/certificacions\/","url":"https:\/\/trinter.com\/ca\/certificacions\/","name":"Certificacions - M. C. Trinter","isPartOf":{"@id":"https:\/\/trinter.com\/ca\/#website"},"primaryImageOfPage":{"@id":"https:\/\/trinter.com\/ca\/certificacions\/#primaryimage"},"image":{"@id":"https:\/\/trinter.com\/ca\/certificacions\/#primaryimage"},"thumbnailUrl":"https:\/\/trinter.com\/wp-content\/uploads\/2021\/11\/certificaciones-trinter.jpg","datePublished":"2021-10-21T08:40:32+00:00","dateModified":"2024-12-10T11:56:40+00:00","breadcrumb":{"@id":"https:\/\/trinter.com\/ca\/certificacions\/#breadcrumb"},"inLanguage":"ca","potentialAction":[{"@type":"ReadAction","target":["https:\/\/trinter.com\/ca\/certificacions\/"]}]},{"@type":"ImageObject","inLanguage":"ca","@id":"https:\/\/trinter.com\/ca\/certificacions\/#primaryimage","url":"https:\/\/trinter.com\/wp-content\/uploads\/2021\/11\/certificaciones-trinter.jpg","contentUrl":"https:\/\/trinter.com\/wp-content\/uploads\/2021\/11\/certificaciones-trinter.jpg","width":800,"height":870},{"@type":"BreadcrumbList","@id":"https:\/\/trinter.com\/ca\/certificacions\/#breadcrumb","itemListElement":[{"@type":"ListItem","position":1,"name":"Portada","item":"https:\/\/trinter.com\/ca\/inici\/"},{"@type":"ListItem","position":2,"name":"Certificacions"}]},{"@type":"WebSite","@id":"https:\/\/trinter.com\/ca\/#website","url":"https:\/\/trinter.com\/ca\/","name":"M. C. Trinter","description":"L\u00cdDERES EN LOG\u00cdSTICA INTEGRAL Y TRANSPORTES INTERNACIONALES","potentialAction":[{"@type":"SearchAction","target":{"@type":"EntryPoint","urlTemplate":"https:\/\/trinter.com\/ca\/?s={search_term_string}"},"query-input":{"@type":"PropertyValueSpecification","valueRequired":true,"valueName":"search_term_string"}}],"inLanguage":"ca"}]}},"_links":{"self":[{"href":"https:\/\/trinter.com\/ca\/wp-json\/wp\/v2\/pages\/1563","targetHints":{"allow":["GET"]}}],"collection":[{"href":"https:\/\/trinter.com\/ca\/wp-json\/wp\/v2\/pages"}],"about":[{"href":"https:\/\/trinter.com\/ca\/wp-json\/wp\/v2\/types\/page"}],"author":[{"embeddable":true,"href":"https:\/\/trinter.com\/ca\/wp-json\/wp\/v2\/users\/4"}],"replies":[{"embeddable":true,"href":"https:\/\/trinter.com\/ca\/wp-json\/wp\/v2\/comments?post=1563"}],"version-history":[{"count":1,"href":"https:\/\/trinter.com\/ca\/wp-json\/wp\/v2\/pages\/1563\/revisions"}],"predecessor-version":[{"id":1968,"href":"https:\/\/trinter.com\/ca\/wp-json\/wp\/v2\/pages\/1563\/revisions\/1968"}],"wp:featuredmedia":[{"embeddable":true,"href":"https:\/\/trinter.com\/ca\/wp-json\/wp\/v2\/media\/1436"}],"wp:attachment":[{"href":"https:\/\/trinter.com\/ca\/wp-json\/wp\/v2\/media?parent=1563"}],"curies":[{"name":"wp","href":"https:\/\/api.w.org\/{rel}","templated":true}]}}